{"id":1947,"date":"2024-01-16T15:21:50","date_gmt":"2024-01-16T14:21:50","guid":{"rendered":"https:\/\/laboutiquemcg.com\/?page_id=1947"},"modified":"2024-01-19T11:09:35","modified_gmt":"2024-01-19T10:09:35","slug":"alluauto","status":"publish","type":"page","link":"https:\/\/laboutiquemcg.com\/index.php\/alluauto\/","title":{"rendered":"AlluAuto"},"content":{"rendered":"\n<h2 class=\"wp-block-heading\">Pour v\u00e9rifier tous les v\u00e9hicules que nous avons actuellement en stock<\/h2>\n\n\n\n<div class=\"wp-block-buttons is-layout-flex wp-block-buttons-is-layout-flex\">\n<div class=\"wp-block-button\"><a class=\"wp-block-button__link wp-element-button\" href=\"https:\/\/laboutiquemcg.com\/index.php\/nous-sommes-desole\/\">Cliquez-ici<\/a><\/div>\n<\/div>\n\n\n\n<h2 class=\"wp-block-heading\">Vous souhaitez un mod\u00e8le en particulier ? Alors contactez nous en<\/h2>\n\n\n\n<div class=\"wp-block-buttons is-layout-flex wp-block-buttons-is-layout-flex\">\n<div class=\"wp-block-button\"><a class=\"wp-block-button__link wp-element-button\" href=\"https:\/\/laboutiquemcg.com\/index.php\/contact\/\">Cliquant ici<\/a><\/div>\n<\/div>\n","protected":false},"excerpt":{"rendered":"<p>Pour v\u00e9rifier tous les v\u00e9hicules que nous avons actuellement en stock Vous souhaitez un mod\u00e8le en particulier ? Alors contactez nous en<\/p>\n","protected":false},"author":1,"featured_media":0,"parent":0,"menu_order":0,"comment_status":"closed","ping_status":"closed","template":"","meta":{"footnotes":""},"class_list":["post-1947","page","type-page","status-publish","hentry"],"_links":{"self":[{"href":"https:\/\/laboutiquemcg.com\/index.php\/wp-json\/wp\/v2\/pages\/1947","targetHints":{"allow":["GET"]}}],"collection":[{"href":"https:\/\/laboutiquemcg.com\/index.php\/wp-json\/wp\/v2\/pages"}],"about":[{"href":"https:\/\/laboutiquemcg.com\/index.php\/wp-json\/wp\/v2\/types\/page"}],"author":[{"embeddable":true,"href":"https:\/\/laboutiquemcg.com\/index.php\/wp-json\/wp\/v2\/users\/1"}],"replies":[{"embeddable":true,"href":"https:\/\/laboutiquemcg.com\/index.php\/wp-json\/wp\/v2\/comments?post=1947"}],"version-history":[{"count":3,"href":"https:\/\/laboutiquemcg.com\/index.php\/wp-json\/wp\/v2\/pages\/1947\/revisions"}],"predecessor-version":[{"id":1992,"href":"https:\/\/laboutiquemcg.com\/index.php\/wp-json\/wp\/v2\/pages\/1947\/revisions\/1992"}],"wp:attachment":[{"href":"https:\/\/laboutiquemcg.com\/index.php\/wp-json\/wp\/v2\/media?parent=1947"}],"curies":[{"name":"wp","href":"https:\/\/api.w.org\/{rel}","templated":true}]}}