{"id":1989,"date":"2024-01-19T11:07:15","date_gmt":"2024-01-19T10:07:15","guid":{"rendered":"https:\/\/laboutiquemcg.com\/?page_id=1989"},"modified":"2024-01-19T11:07:15","modified_gmt":"2024-01-19T10:07:15","slug":"nous-sommes-desole","status":"publish","type":"page","link":"https:\/\/laboutiquemcg.com\/index.php\/nous-sommes-desole\/","title":{"rendered":"Nous sommes d\u00e9sol\u00e9"},"content":{"rendered":"\n<h2 class=\"wp-block-heading\">Nous sommes d\u00e9sol\u00e9, mais nous n&rsquo;avons pas de v\u00e9hicule \u00e0 vous proposer pour le moment. Mais ne vous inqui\u00e9tez pas, d&rsquo;autres arriveront sous peu, nous en avons justement en stock qui n&rsquo;attendent plus qu&rsquo;\u00e0 \u00eatre r\u00e9par\u00e9s.<\/h2>\n\n\n\n<h2 class=\"wp-block-heading\">Vous souhaitez un mod\u00e8le particulier ? Alors n&rsquo;h\u00e9sitez pas \u00e0 nous contacter en<\/h2>\n\n\n\n<div class=\"wp-block-buttons is-layout-flex wp-block-buttons-is-layout-flex\">\n<div class=\"wp-block-button\"><a class=\"wp-block-button__link wp-element-button\" href=\"https:\/\/laboutiquemcg.com\/index.php\/contact\/\">Cliquant ici<\/a><\/div>\n<\/div>\n","protected":false},"excerpt":{"rendered":"<p>Nous sommes d\u00e9sol\u00e9, mais nous n&rsquo;avons pas de v\u00e9hicule \u00e0 vous proposer pour le moment. Mais ne vous inqui\u00e9tez pas, d&rsquo;autres arriveront sous peu, nous en avons justement en stock qui n&rsquo;attendent plus qu&rsquo;\u00e0 \u00eatre r\u00e9par\u00e9s. Vous souhaitez un mod\u00e8le particulier ? Alors n&rsquo;h\u00e9sitez pas \u00e0 nous contacter en<\/p>\n","protected":false},"author":1,"featured_media":0,"parent":0,"menu_order":0,"comment_status":"closed","ping_status":"closed","template":"","meta":{"footnotes":""},"class_list":["post-1989","page","type-page","status-publish","hentry"],"_links":{"self":[{"href":"https:\/\/laboutiquemcg.com\/index.php\/wp-json\/wp\/v2\/pages\/1989","targetHints":{"allow":["GET"]}}],"collection":[{"href":"https:\/\/laboutiquemcg.com\/index.php\/wp-json\/wp\/v2\/pages"}],"about":[{"href":"https:\/\/laboutiquemcg.com\/index.php\/wp-json\/wp\/v2\/types\/page"}],"author":[{"embeddable":true,"href":"https:\/\/laboutiquemcg.com\/index.php\/wp-json\/wp\/v2\/users\/1"}],"replies":[{"embeddable":true,"href":"https:\/\/laboutiquemcg.com\/index.php\/wp-json\/wp\/v2\/comments?post=1989"}],"version-history":[{"count":1,"href":"https:\/\/laboutiquemcg.com\/index.php\/wp-json\/wp\/v2\/pages\/1989\/revisions"}],"predecessor-version":[{"id":1990,"href":"https:\/\/laboutiquemcg.com\/index.php\/wp-json\/wp\/v2\/pages\/1989\/revisions\/1990"}],"wp:attachment":[{"href":"https:\/\/laboutiquemcg.com\/index.php\/wp-json\/wp\/v2\/media?parent=1989"}],"curies":[{"name":"wp","href":"https:\/\/api.w.org\/{rel}","templated":true}]}}