{"id":2411,"date":"2024-01-19T23:03:54","date_gmt":"2024-01-19T22:03:54","guid":{"rendered":"https:\/\/laboutiquemcg.com\/?page_id=2411"},"modified":"2024-01-19T23:03:54","modified_gmt":"2024-01-19T22:03:54","slug":"realisation-en-cours","status":"publish","type":"page","link":"https:\/\/laboutiquemcg.com\/index.php\/realisation-en-cours\/","title":{"rendered":"R\u00e9alisation en cours"},"content":{"rendered":"\n<h2 class=\"wp-block-heading\">Les promotions de la semaine sont en cours de r\u00e9alisation. Nous vous invitons \u00e0 bien vouloir patienter et \u00e0 revenir d&rsquo;ici quelques minutes<\/h2>\n","protected":false},"excerpt":{"rendered":"<p>Les promotions de la semaine sont en cours de r\u00e9alisation. Nous vous invitons \u00e0 bien vouloir patienter et \u00e0 revenir d&rsquo;ici quelques minutes<\/p>\n","protected":false},"author":1,"featured_media":0,"parent":0,"menu_order":0,"comment_status":"closed","ping_status":"closed","template":"","meta":{"footnotes":""},"class_list":["post-2411","page","type-page","status-publish","hentry"],"_links":{"self":[{"href":"https:\/\/laboutiquemcg.com\/index.php\/wp-json\/wp\/v2\/pages\/2411","targetHints":{"allow":["GET"]}}],"collection":[{"href":"https:\/\/laboutiquemcg.com\/index.php\/wp-json\/wp\/v2\/pages"}],"about":[{"href":"https:\/\/laboutiquemcg.com\/index.php\/wp-json\/wp\/v2\/types\/page"}],"author":[{"embeddable":true,"href":"https:\/\/laboutiquemcg.com\/index.php\/wp-json\/wp\/v2\/users\/1"}],"replies":[{"embeddable":true,"href":"https:\/\/laboutiquemcg.com\/index.php\/wp-json\/wp\/v2\/comments?post=2411"}],"version-history":[{"count":1,"href":"https:\/\/laboutiquemcg.com\/index.php\/wp-json\/wp\/v2\/pages\/2411\/revisions"}],"predecessor-version":[{"id":2412,"href":"https:\/\/laboutiquemcg.com\/index.php\/wp-json\/wp\/v2\/pages\/2411\/revisions\/2412"}],"wp:attachment":[{"href":"https:\/\/laboutiquemcg.com\/index.php\/wp-json\/wp\/v2\/media?parent=2411"}],"curies":[{"name":"wp","href":"https:\/\/api.w.org\/{rel}","templated":true}]}}