{"id":7581,"date":"2024-12-31T12:02:53","date_gmt":"2024-12-31T11:02:53","guid":{"rendered":"https:\/\/laboutiquemcg.com\/?page_id=7581"},"modified":"2024-12-31T12:04:37","modified_gmt":"2024-12-31T11:04:37","slug":"nouvel-an","status":"publish","type":"page","link":"https:\/\/laboutiquemcg.com\/index.php\/nouvel-an\/","title":{"rendered":"Nouvel An"},"content":{"rendered":"\n<h2 class=\"wp-block-heading\">Bonjour \u00e0 tous, et bienvenue sur LaBoutiqueMCG. Dans le cadre de sa maintenance annuelle, la boutique sera ferm\u00e9e demain. Aussi, d\u00e8s ce soir, minuit, nous vous demandons de ne plus effectuer d&rsquo;achat sur cette derni\u00e8re jusque son retour le 2 janvier. Notre autre boutique, Nytr\u00f6lia, reste quand \u00e0 elle, ouverte. Alors fa\u00eetes vous plaisir tant que vous le voulez \ud83d\ude0a. Merci \u00e0 tous, et bonnes f\u00eates de fin d&rsquo;ann\u00e9es<\/h2>\n","protected":false},"excerpt":{"rendered":"<p>Bonjour \u00e0 tous, et bienvenue sur LaBoutiqueMCG. Dans le cadre de sa maintenance annuelle, la boutique sera ferm\u00e9e demain. Aussi, d\u00e8s ce soir, minuit, nous vous demandons de ne plus effectuer d&rsquo;achat sur cette derni\u00e8re jusque son retour le 2 janvier. Notre autre boutique, Nytr\u00f6lia, reste quand \u00e0 elle, ouverte. Alors fa\u00eetes vous plaisir tant [&hellip;]<\/p>\n","protected":false},"author":1,"featured_media":0,"parent":0,"menu_order":0,"comment_status":"closed","ping_status":"closed","template":"","meta":{"footnotes":""},"class_list":["post-7581","page","type-page","status-publish","hentry"],"_links":{"self":[{"href":"https:\/\/laboutiquemcg.com\/index.php\/wp-json\/wp\/v2\/pages\/7581","targetHints":{"allow":["GET"]}}],"collection":[{"href":"https:\/\/laboutiquemcg.com\/index.php\/wp-json\/wp\/v2\/pages"}],"about":[{"href":"https:\/\/laboutiquemcg.com\/index.php\/wp-json\/wp\/v2\/types\/page"}],"author":[{"embeddable":true,"href":"https:\/\/laboutiquemcg.com\/index.php\/wp-json\/wp\/v2\/users\/1"}],"replies":[{"embeddable":true,"href":"https:\/\/laboutiquemcg.com\/index.php\/wp-json\/wp\/v2\/comments?post=7581"}],"version-history":[{"count":2,"href":"https:\/\/laboutiquemcg.com\/index.php\/wp-json\/wp\/v2\/pages\/7581\/revisions"}],"predecessor-version":[{"id":7583,"href":"https:\/\/laboutiquemcg.com\/index.php\/wp-json\/wp\/v2\/pages\/7581\/revisions\/7583"}],"wp:attachment":[{"href":"https:\/\/laboutiquemcg.com\/index.php\/wp-json\/wp\/v2\/media?parent=7581"}],"curies":[{"name":"wp","href":"https:\/\/api.w.org\/{rel}","templated":true}]}}