{"id":3613,"date":"2024-07-06T11:41:32","date_gmt":"2024-07-06T09:41:32","guid":{"rendered":"https:\/\/laboutiquemcg.com\/index.php\/produit\/t-shirt-bebe-alluauto-noir-et-blanc\/"},"modified":"2024-10-24T12:39:25","modified_gmt":"2024-10-24T10:39:25","slug":"t-shirt-bebe-alluauto-noir-et-blanc","status":"publish","type":"product","link":"https:\/\/laboutiquemcg.com\/index.php\/produit\/t-shirt-bebe-alluauto-noir-et-blanc\/","title":{"rendered":"T-shirt b\u00e9b\u00e9 AlluAuto noir et blanc"},"content":{"rendered":"<p>Il n&rsquo;est jamais trop t\u00f4t pour avoir l\u2019air irr\u00e9sistible\u00a0! Alors offrez \u00e0 votre b\u00e9b\u00e9 ce T-shirt \u00e0 manches courtes en coton jersey, qui est non seulement styl\u00e9, mais aussi confortable, durable et facile \u00e0 nettoyer. C&rsquo;est un classique qui deviendra certainement la pi\u00e8ce ma\u00eetresse de la garde-robe de votre b\u00e9b\u00e9.<\/p>\n<p>\u2022 100\u00a0% coton peign\u00e9 et fil\u00e9 \u00e0 l&rsquo;anneau<br \/>\n\u2022 Le mod\u00e8le chin\u00e9 est compos\u00e9 \u00e0 52\u00a0% de coton peign\u00e9 et fil\u00e9 \u00e0 l&rsquo;anneau et \u00e0 48\u00a0% de polyester.<br \/>\n\u2022 Poids du tissu : 142 g\/m\u00b2 (4.2 oz\/yd\u00b2)<br \/>\n\u2022 Tissu pr\u00e9-r\u00e9tr\u00e9ci<br \/>\n\u2022 Coutures lat\u00e9rales<br \/>\n\u2022 Coupe d\u00e9contract\u00e9e pour plus de confort<br \/>\n\u2022 Produit vierge provenant du Nicaragua, des \u00c9tats-Unis ou du Honduras<\/p>\n","protected":false},"excerpt":{"rendered":"<p>Il n&rsquo;est jamais trop t\u00f4t pour avoir l\u2019air irr\u00e9sistible\u00a0! Alors offrez \u00e0 votre b\u00e9b\u00e9 ce T-shirt \u00e0 manches courtes en coton jersey, qui est non seulement styl\u00e9, mais aussi confortable, durable et facile \u00e0 nettoyer. C&rsquo;est un classique qui deviendra certainement la pi\u00e8ce ma\u00eetresse de la garde-robe de votre b\u00e9b\u00e9. \u2022 100\u00a0% coton peign\u00e9 et [&hellip;]<\/p>\n","protected":false},"featured_media":3626,"comment_status":"open","ping_status":"closed","template":"","meta":[],"product_brand":[],"product_cat":[61],"product_tag":[],"class_list":{"0":"post-3613","1":"product","2":"type-product","3":"status-publish","4":"has-post-thumbnail","6":"product_cat-t-shirts-tous-les-hauts","8":"first","9":"instock","10":"taxable","11":"shipping-taxable","12":"purchasable","13":"product-type-variable"},"_links":{"self":[{"href":"https:\/\/laboutiquemcg.com\/index.php\/wp-json\/wp\/v2\/product\/3613","targetHints":{"allow":["GET"]}}],"collection":[{"href":"https:\/\/laboutiquemcg.com\/index.php\/wp-json\/wp\/v2\/product"}],"about":[{"href":"https:\/\/laboutiquemcg.com\/index.php\/wp-json\/wp\/v2\/types\/product"}],"replies":[{"embeddable":true,"href":"https:\/\/laboutiquemcg.com\/index.php\/wp-json\/wp\/v2\/comments?post=3613"}],"version-history":[{"count":3,"href":"https:\/\/laboutiquemcg.com\/index.php\/wp-json\/wp\/v2\/product\/3613\/revisions"}],"predecessor-version":[{"id":7558,"href":"https:\/\/laboutiquemcg.com\/index.php\/wp-json\/wp\/v2\/product\/3613\/revisions\/7558"}],"wp:featuredmedia":[{"embeddable":true,"href":"https:\/\/laboutiquemcg.com\/index.php\/wp-json\/wp\/v2\/media\/3626"}],"wp:attachment":[{"href":"https:\/\/laboutiquemcg.com\/index.php\/wp-json\/wp\/v2\/media?parent=3613"}],"wp:term":[{"taxonomy":"product_brand","embeddable":true,"href":"https:\/\/laboutiquemcg.com\/index.php\/wp-json\/wp\/v2\/product_brand?post=3613"},{"taxonomy":"product_cat","embeddable":true,"href":"https:\/\/laboutiquemcg.com\/index.php\/wp-json\/wp\/v2\/product_cat?post=3613"},{"taxonomy":"product_tag","embeddable":true,"href":"https:\/\/laboutiquemcg.com\/index.php\/wp-json\/wp\/v2\/product_tag?post=3613"}],"curies":[{"name":"wp","href":"https:\/\/api.w.org\/{rel}","templated":true}]}}