{"id":3690,"date":"2024-07-06T11:53:02","date_gmt":"2024-07-06T09:53:02","guid":{"rendered":"https:\/\/laboutiquemcg.com\/index.php\/produit\/t-shirt-enfant-alluauto-noir-et-blanc\/"},"modified":"2025-04-03T10:43:43","modified_gmt":"2025-04-03T08:43:43","slug":"t-shirt-enfant-alluauto-noir-et-blanc","status":"publish","type":"product","link":"https:\/\/laboutiquemcg.com\/index.php\/produit\/t-shirt-enfant-alluauto-noir-et-blanc\/","title":{"rendered":"T-shirt enfant AlluAuto noir et blanc"},"content":{"rendered":"<p>Laissez votre enfant vaquer \u00e0 ses occupations tout en confort et \u00e9l\u00e9gance dans ce T-shirt \u00e0 manches courtes en jersey 100\u00a0% coton, orn\u00e9 d\u2019un imprim\u00e9 unique. \u00c0 la fois doux et durable, ce T-shirt deviendra un incontournable de la garde-robe de vos enfants.<\/p>\n<p>\u2022 100 % coton peign\u00e9 et fil\u00e9 \u00e0 l&rsquo;anneau<br \/>\n\u2022 Poids du tissu : 142 g\/m\u00b2 (4,2 oz\/yd\u00b2)<br \/>\n\u2022 Coupe d\u00e9contract\u00e9e pour plus de confort<br \/>\n\u2022 Construction \u00e0 coutures lat\u00e9rales<br \/>\n\u2022 Tissu pr\u00e9-r\u00e9tr\u00e9ci<br \/>\n\u2022 Produit vierge provenant des \u00c9tats-Unis ou du Honduras<\/p>\n","protected":false},"excerpt":{"rendered":"<p>Laissez votre enfant vaquer \u00e0 ses occupations tout en confort et \u00e9l\u00e9gance dans ce T-shirt \u00e0 manches courtes en jersey 100\u00a0% coton, orn\u00e9 d\u2019un imprim\u00e9 unique. \u00c0 la fois doux et durable, ce T-shirt deviendra un incontournable de la garde-robe de vos enfants. \u2022 100 % coton peign\u00e9 et fil\u00e9 \u00e0 l&rsquo;anneau \u2022 Poids du [&hellip;]<\/p>\n","protected":false},"featured_media":3707,"comment_status":"open","ping_status":"closed","template":"","meta":[],"product_brand":[],"product_cat":[61],"product_tag":[],"class_list":{"0":"post-3690","1":"product","2":"type-product","3":"status-publish","4":"has-post-thumbnail","6":"product_cat-t-shirts-tous-les-hauts","8":"first","9":"instock","10":"taxable","11":"shipping-taxable","12":"purchasable","13":"product-type-variable"},"_links":{"self":[{"href":"https:\/\/laboutiquemcg.com\/index.php\/wp-json\/wp\/v2\/product\/3690","targetHints":{"allow":["GET"]}}],"collection":[{"href":"https:\/\/laboutiquemcg.com\/index.php\/wp-json\/wp\/v2\/product"}],"about":[{"href":"https:\/\/laboutiquemcg.com\/index.php\/wp-json\/wp\/v2\/types\/product"}],"replies":[{"embeddable":true,"href":"https:\/\/laboutiquemcg.com\/index.php\/wp-json\/wp\/v2\/comments?post=3690"}],"version-history":[{"count":3,"href":"https:\/\/laboutiquemcg.com\/index.php\/wp-json\/wp\/v2\/product\/3690\/revisions"}],"predecessor-version":[{"id":7572,"href":"https:\/\/laboutiquemcg.com\/index.php\/wp-json\/wp\/v2\/product\/3690\/revisions\/7572"}],"wp:featuredmedia":[{"embeddable":true,"href":"https:\/\/laboutiquemcg.com\/index.php\/wp-json\/wp\/v2\/media\/3707"}],"wp:attachment":[{"href":"https:\/\/laboutiquemcg.com\/index.php\/wp-json\/wp\/v2\/media?parent=3690"}],"wp:term":[{"taxonomy":"product_brand","embeddable":true,"href":"https:\/\/laboutiquemcg.com\/index.php\/wp-json\/wp\/v2\/product_brand?post=3690"},{"taxonomy":"product_cat","embeddable":true,"href":"https:\/\/laboutiquemcg.com\/index.php\/wp-json\/wp\/v2\/product_cat?post=3690"},{"taxonomy":"product_tag","embeddable":true,"href":"https:\/\/laboutiquemcg.com\/index.php\/wp-json\/wp\/v2\/product_tag?post=3690"}],"curies":[{"name":"wp","href":"https:\/\/api.w.org\/{rel}","templated":true}]}}