{"id":3831,"date":"2024-07-06T12:20:40","date_gmt":"2024-07-06T10:20:40","guid":{"rendered":"https:\/\/laboutiquemcg.com\/index.php\/produit\/jupe-femme-n3wline\/"},"modified":"2025-01-01T14:29:30","modified_gmt":"2025-01-01T13:29:30","slug":"jupe-femme-n3wline","status":"publish","type":"product","link":"https:\/\/laboutiquemcg.com\/index.php\/produit\/jupe-femme-n3wline\/","title":{"rendered":"Jupe femme N3wLine"},"content":{"rendered":"<p>Le tissu doux et la coupe \u00e9vas\u00e9e de cette jupe patineuse ne sont que quelques-unes des raisons pour lesquelles elle deviendra in\u00e9luctablement l&rsquo;une des pi\u00e8ces ma\u00eetresses de votre garde-robe. Sa forme flatteuse s&rsquo;adapte \u00e0 toutes les silhouettes et, gr\u00e2ce \u00e0 la taille \u00e9lastique, vous y sentirez tr\u00e8s \u00e0 l&rsquo;aise.<\/p>\n<p>\u2022 82\u00a0% polyester, 18\u00a0% \u00e9lasthanne<br \/>\n\u2022 Poids du tissu : 230 g\/m\u00b2 (6.78 oz\/yd\u00b2) (le poids peut varier de 5%)<br \/>\n\u2022 Tissu doux<br \/>\n\u2022 Longueur mi-cuisses<br \/>\n\u2022 Ceinture \u00e9lastique<br \/>\n\u2022 Coutures surjet, ourlet surpiqu\u00e9<br \/>\n\u2022 Les composants de produits vierges aux \u00c9tats-Unis et au Mexique proviennent de Chine<br \/>\n\u2022 Les composants de produits vierges dans l&rsquo;UE proviennent de Chine et de Lituanie<\/p>\n<p>\u2022 Tra\u00e7abilit\u00e9\u00a0:<br \/>\n&#8211; Tricotage\u00a0: Chine<br \/>\n&#8211; Teinture\u00a0: Chine<br \/>\n&#8211; Fabrication\u00a0: Lettonie<br \/>\n\u2022 Comprend 95\u00a0% de polyester recycl\u00e9<br \/>\n\u2022 Comprend 0\u00a0% de substances dangereuses<br \/>\n\u2022 Cet article lib\u00e8re des microfibres en plastique dans l&rsquo;environnement pendant le lavage<\/p>\n","protected":false},"excerpt":{"rendered":"<p>Le tissu doux et la coupe \u00e9vas\u00e9e de cette jupe patineuse ne sont que quelques-unes des raisons pour lesquelles elle deviendra in\u00e9luctablement l&rsquo;une des pi\u00e8ces ma\u00eetresses de votre garde-robe. Sa forme flatteuse s&rsquo;adapte \u00e0 toutes les silhouettes et, gr\u00e2ce \u00e0 la taille \u00e9lastique, vous y sentirez tr\u00e8s \u00e0 l&rsquo;aise. \u2022 82\u00a0% polyester, 18\u00a0% \u00e9lasthanne \u2022 [&hellip;]<\/p>\n","protected":false},"featured_media":3839,"comment_status":"open","ping_status":"closed","template":"","meta":[],"product_brand":[],"product_cat":[57],"product_tag":[],"class_list":{"0":"post-3831","1":"product","2":"type-product","3":"status-publish","4":"has-post-thumbnail","6":"product_cat-jupes","8":"first","9":"instock","10":"taxable","11":"shipping-taxable","12":"purchasable","13":"product-type-variable"},"_links":{"self":[{"href":"https:\/\/laboutiquemcg.com\/index.php\/wp-json\/wp\/v2\/product\/3831","targetHints":{"allow":["GET"]}}],"collection":[{"href":"https:\/\/laboutiquemcg.com\/index.php\/wp-json\/wp\/v2\/product"}],"about":[{"href":"https:\/\/laboutiquemcg.com\/index.php\/wp-json\/wp\/v2\/types\/product"}],"replies":[{"embeddable":true,"href":"https:\/\/laboutiquemcg.com\/index.php\/wp-json\/wp\/v2\/comments?post=3831"}],"version-history":[{"count":3,"href":"https:\/\/laboutiquemcg.com\/index.php\/wp-json\/wp\/v2\/product\/3831\/revisions"}],"predecessor-version":[{"id":7548,"href":"https:\/\/laboutiquemcg.com\/index.php\/wp-json\/wp\/v2\/product\/3831\/revisions\/7548"}],"wp:featuredmedia":[{"embeddable":true,"href":"https:\/\/laboutiquemcg.com\/index.php\/wp-json\/wp\/v2\/media\/3839"}],"wp:attachment":[{"href":"https:\/\/laboutiquemcg.com\/index.php\/wp-json\/wp\/v2\/media?parent=3831"}],"wp:term":[{"taxonomy":"product_brand","embeddable":true,"href":"https:\/\/laboutiquemcg.com\/index.php\/wp-json\/wp\/v2\/product_brand?post=3831"},{"taxonomy":"product_cat","embeddable":true,"href":"https:\/\/laboutiquemcg.com\/index.php\/wp-json\/wp\/v2\/product_cat?post=3831"},{"taxonomy":"product_tag","embeddable":true,"href":"https:\/\/laboutiquemcg.com\/index.php\/wp-json\/wp\/v2\/product_tag?post=3831"}],"curies":[{"name":"wp","href":"https:\/\/api.w.org\/{rel}","templated":true}]}}