{"id":3935,"date":"2024-07-06T12:40:37","date_gmt":"2024-07-06T10:40:37","guid":{"rendered":"https:\/\/laboutiquemcg.com\/index.php\/produit\/maillot-de-bain-1-piece-femme-n3wline\/"},"modified":"2025-01-01T14:22:29","modified_gmt":"2025-01-01T13:22:29","slug":"maillot-de-bain-1-piece-femme-n3wline","status":"publish","type":"product","link":"https:\/\/laboutiquemcg.com\/index.php\/produit\/maillot-de-bain-1-piece-femme-n3wline\/","title":{"rendered":"Maillot de bain 1 pi\u00e8ce femme N3wLine"},"content":{"rendered":"<p>Ce maillot de bain une pi\u00e8ce fera ressortir vos plus belles formes gr\u00e2ce \u00e0 son tissu lisse !<\/p>\n<p>\u2022 82\u00a0% polyester, 18\u00a0% \u00e9lasthanne<br \/>\n\u2022 Poids du tissu : 230 g\/m\u00b2 (6.78 oz\/yd\u00b2), le poids peut varier de 5 %<br \/>\n\u2022 Tissu r\u00e9sistant au chlore<br \/>\n\u2022 Coupe br\u00e9silienne avec encolure \u00e9chancr\u00e9e et dos nu<br \/>\n\u2022 Coutures en zig-zag<br \/>\n\u2022 Double couche avant<br \/>\n\u2022 Mat\u00e9riau extensible<\/p>\n<p>\u2022 Tra\u00e7abilit\u00e9\u00a0:<br \/>\n&#8211; Tricotage\u00a0: Chine<br \/>\n&#8211; Teinture\u00a0: Chine<br \/>\n&#8211; Fabrication\u00a0: Lettonie<br \/>\n\u2022 Comprend 95\u00a0% de polyester recycl\u00e9<br \/>\n\u2022 Comprend 0\u00a0% de substances dangereuses<br \/>\n\u2022 Cet article lib\u00e8re des microfibres en plastique dans l&rsquo;environnement pendant le lavage<\/p>\n","protected":false},"excerpt":{"rendered":"<p>Ce maillot de bain une pi\u00e8ce fera ressortir vos plus belles formes gr\u00e2ce \u00e0 son tissu lisse ! \u2022 82\u00a0% polyester, 18\u00a0% \u00e9lasthanne \u2022 Poids du tissu : 230 g\/m\u00b2 (6.78 oz\/yd\u00b2), le poids peut varier de 5 % \u2022 Tissu r\u00e9sistant au chlore \u2022 Coupe br\u00e9silienne avec encolure \u00e9chancr\u00e9e et dos nu \u2022 Coutures [&hellip;]<\/p>\n","protected":false},"featured_media":3943,"comment_status":"open","ping_status":"closed","template":"","meta":[],"product_brand":[],"product_cat":[52],"product_tag":[],"class_list":{"0":"post-3935","1":"product","2":"type-product","3":"status-publish","4":"has-post-thumbnail","6":"product_cat-maillots-de-bain","8":"first","9":"instock","10":"taxable","11":"shipping-taxable","12":"purchasable","13":"product-type-variable"},"_links":{"self":[{"href":"https:\/\/laboutiquemcg.com\/index.php\/wp-json\/wp\/v2\/product\/3935","targetHints":{"allow":["GET"]}}],"collection":[{"href":"https:\/\/laboutiquemcg.com\/index.php\/wp-json\/wp\/v2\/product"}],"about":[{"href":"https:\/\/laboutiquemcg.com\/index.php\/wp-json\/wp\/v2\/types\/product"}],"replies":[{"embeddable":true,"href":"https:\/\/laboutiquemcg.com\/index.php\/wp-json\/wp\/v2\/comments?post=3935"}],"version-history":[{"count":3,"href":"https:\/\/laboutiquemcg.com\/index.php\/wp-json\/wp\/v2\/product\/3935\/revisions"}],"predecessor-version":[{"id":7404,"href":"https:\/\/laboutiquemcg.com\/index.php\/wp-json\/wp\/v2\/product\/3935\/revisions\/7404"}],"wp:featuredmedia":[{"embeddable":true,"href":"https:\/\/laboutiquemcg.com\/index.php\/wp-json\/wp\/v2\/media\/3943"}],"wp:attachment":[{"href":"https:\/\/laboutiquemcg.com\/index.php\/wp-json\/wp\/v2\/media?parent=3935"}],"wp:term":[{"taxonomy":"product_brand","embeddable":true,"href":"https:\/\/laboutiquemcg.com\/index.php\/wp-json\/wp\/v2\/product_brand?post=3935"},{"taxonomy":"product_cat","embeddable":true,"href":"https:\/\/laboutiquemcg.com\/index.php\/wp-json\/wp\/v2\/product_cat?post=3935"},{"taxonomy":"product_tag","embeddable":true,"href":"https:\/\/laboutiquemcg.com\/index.php\/wp-json\/wp\/v2\/product_tag?post=3935"}],"curies":[{"name":"wp","href":"https:\/\/api.w.org\/{rel}","templated":true}]}}