{"id":3946,"date":"2024-07-06T12:44:05","date_gmt":"2024-07-06T10:44:05","guid":{"rendered":"https:\/\/laboutiquemcg.com\/index.php\/produit\/maillot-de-bain-2-pieces-femme-alluauto-dore\/"},"modified":"2025-01-01T14:24:10","modified_gmt":"2025-01-01T13:24:10","slug":"maillot-de-bain-2-pieces-femme-alluauto-dore","status":"publish","type":"product","link":"https:\/\/laboutiquemcg.com\/index.php\/produit\/maillot-de-bain-2-pieces-femme-alluauto-dore\/","title":{"rendered":"Maillot de bain 2 pi\u00e8ces femme AlluAuto dor\u00e9"},"content":{"rendered":"<p>C&rsquo;est trop facile de tomber amoureux de ce maillot. Les coussinets amovibles et sa double \u00e9paisseur le rendent confortable \u00e0 porter toute la journ\u00e9e au bord de la piscine ou \u00e0 la plage.<\/p>\n<p>\u2022 Composition du tissu dans l&rsquo;UE\u00a0: 88\u00a0% polyester recycl\u00e9, 12\u00a0% \u00e9lasthanne<br \/>\n\u2022 Poids du tissu dans l&rsquo;UE\u00a0: 230 g\/m\u00b2 (192,21 g\/yd\u00b2), le poids peut varier de 5 %<br \/>\n\u2022 Composition du tissu au Mexique\u00a0: 81\u00a0% polyester recycl\u00e9 REPREVE, 19\u00a0% LYCRA XTRALIFE<br \/>\n\u2022 Poids du tissu au Mexique\u00a0: 255g\/m\u00b2 (213,19 g\/yd\u00b2)<br \/>\n\u2022 Double \u00e9paisseur et non-r\u00e9versible<br \/>\n\u2022 Rembourrage amovible<br \/>\n\u2022 \u00c9tiquette d&rsquo;entretien d\u00e9tachable<br \/>\n\u2022 Couture en zig-zag<br \/>\n\u2022 Composants de produits vierges dans l&rsquo;UE provenant d&rsquo;Espagne, d&rsquo;Allemagne, de Ta\u00efwan, du Vietnam, du Cambodge et de Lituanie<br \/>\n\u2022 Composants de produits vierges au Mexique provenant de Colombie, de Ta\u00efwan et de Chine<\/p>\n<p>\u2022 Tra\u00e7abilit\u00e9\u00a0:<br \/>\n&#8211; Tricot : Chine<br \/>\n&#8211; Teinture : Chine<br \/>\n&#8211; Fabrication : Lettonie<br \/>\n\u2022 Contient 88\u00a0% de polyester recycl\u00e9<br \/>\n\u2022 Contient 0\u00a0% de substances dangereuses<br \/>\n\u2022 Cet article lib\u00e8re des microfibres en plastique dans l&rsquo;environnement pendant le lavage<\/p>\n","protected":false},"excerpt":{"rendered":"<p>C&rsquo;est trop facile de tomber amoureux de ce maillot. Les coussinets amovibles et sa double \u00e9paisseur le rendent confortable \u00e0 porter toute la journ\u00e9e au bord de la piscine ou \u00e0 la plage. \u2022 Composition du tissu dans l&rsquo;UE\u00a0: 88\u00a0% polyester recycl\u00e9, 12\u00a0% \u00e9lasthanne \u2022 Poids du tissu dans l&rsquo;UE\u00a0: 230 g\/m\u00b2 (192,21 g\/yd\u00b2), le [&hellip;]<\/p>\n","protected":false},"featured_media":3954,"comment_status":"open","ping_status":"closed","template":"","meta":[],"product_brand":[],"product_cat":[52],"product_tag":[],"class_list":{"0":"post-3946","1":"product","2":"type-product","3":"status-publish","4":"has-post-thumbnail","6":"product_cat-maillots-de-bain","8":"first","9":"instock","10":"taxable","11":"shipping-taxable","12":"purchasable","13":"product-type-variable"},"_links":{"self":[{"href":"https:\/\/laboutiquemcg.com\/index.php\/wp-json\/wp\/v2\/product\/3946","targetHints":{"allow":["GET"]}}],"collection":[{"href":"https:\/\/laboutiquemcg.com\/index.php\/wp-json\/wp\/v2\/product"}],"about":[{"href":"https:\/\/laboutiquemcg.com\/index.php\/wp-json\/wp\/v2\/types\/product"}],"replies":[{"embeddable":true,"href":"https:\/\/laboutiquemcg.com\/index.php\/wp-json\/wp\/v2\/comments?post=3946"}],"version-history":[{"count":2,"href":"https:\/\/laboutiquemcg.com\/index.php\/wp-json\/wp\/v2\/product\/3946\/revisions"}],"predecessor-version":[{"id":7495,"href":"https:\/\/laboutiquemcg.com\/index.php\/wp-json\/wp\/v2\/product\/3946\/revisions\/7495"}],"wp:featuredmedia":[{"embeddable":true,"href":"https:\/\/laboutiquemcg.com\/index.php\/wp-json\/wp\/v2\/media\/3954"}],"wp:attachment":[{"href":"https:\/\/laboutiquemcg.com\/index.php\/wp-json\/wp\/v2\/media?parent=3946"}],"wp:term":[{"taxonomy":"product_brand","embeddable":true,"href":"https:\/\/laboutiquemcg.com\/index.php\/wp-json\/wp\/v2\/product_brand?post=3946"},{"taxonomy":"product_cat","embeddable":true,"href":"https:\/\/laboutiquemcg.com\/index.php\/wp-json\/wp\/v2\/product_cat?post=3946"},{"taxonomy":"product_tag","embeddable":true,"href":"https:\/\/laboutiquemcg.com\/index.php\/wp-json\/wp\/v2\/product_tag?post=3946"}],"curies":[{"name":"wp","href":"https:\/\/api.w.org\/{rel}","templated":true}]}}