{"id":5409,"date":"2024-07-06T16:34:06","date_gmt":"2024-07-06T14:34:06","guid":{"rendered":"https:\/\/laboutiquemcg.com\/index.php\/produit\/haut-a-manches-longues-femme-n3wline\/"},"modified":"2025-04-03T10:44:20","modified_gmt":"2025-04-03T08:44:20","slug":"haut-a-manches-longues-femme-n3wline","status":"publish","type":"product","link":"https:\/\/laboutiquemcg.com\/index.php\/produit\/haut-a-manches-longues-femme-n3wline\/","title":{"rendered":"Haut \u00e0 manches longues femme N3wLine"},"content":{"rendered":"<p>\u00c9toffez votre garde-robe avec un t-shirt polyvalent \u00e0 manches longues. Pour un look d\u00e9contract\u00e9, associez-le \u00e0 votre jean pr\u00e9f\u00e9r\u00e9 et superposez-le avec une chemise \u00e0 bouton, un sweat zipp\u00e9 \u00e0 capuche ou une veste \u00e9l\u00e9gante. Portez-le avec un pantalon ou un chino formel pour obtenir un look plus professionnel.<\/p>\n<p>\u2022 100\u00a0%\u00a0coton Airlume peign\u00e9 et fil\u00e9 \u00e0 l&rsquo;anneau<br \/>\n\u2022 Les couleurs chin\u00e9es sont compos\u00e9es de 52\u00a0% de coton peign\u00e9 et fil\u00e9 \u00e0 l&rsquo;anneau et de 48\u00a0% de polyester<br \/>\n\u2022 Le chin\u00e9 Athletic est compos\u00e9 de 90\u00a0% de coton peign\u00e9 et fil\u00e9 \u00e0 l&rsquo;anneau et de 10\u00a0% de polyester<br \/>\n\u2022 Poids du tissu\u00a0: 142,4\u00a0g\/m\u00b2 (4,2\u00a0oz\/yd\u00b2)<br \/>\n\u2022 32\u00a0fils<br \/>\n\u2022 Coupe classique<br \/>\n\u2022 Coutures lat\u00e9rales<br \/>\n\u2022 Col ras-du-cou<br \/>\n\u2022 Coutures encolure surpiqu\u00e9es<br \/>\n\u2022 Poignets c\u00f4tel\u00e9s 5\u00a0cm (2\u00a0\u00ab\u00a0)<br \/>\n\u2022 Produit vierge provenant du Nicaragua, du Honduras ou des \u00c9tats-Unis<\/p>\n","protected":false},"excerpt":{"rendered":"<p>\u00c9toffez votre garde-robe avec un t-shirt polyvalent \u00e0 manches longues. Pour un look d\u00e9contract\u00e9, associez-le \u00e0 votre jean pr\u00e9f\u00e9r\u00e9 et superposez-le avec une chemise \u00e0 bouton, un sweat zipp\u00e9 \u00e0 capuche ou une veste \u00e9l\u00e9gante. Portez-le avec un pantalon ou un chino formel pour obtenir un look plus professionnel. \u2022 100\u00a0%\u00a0coton Airlume peign\u00e9 et fil\u00e9 [&hellip;]<\/p>\n","protected":false},"featured_media":5506,"comment_status":"open","ping_status":"closed","template":"","meta":[],"product_brand":[],"product_cat":[50],"product_tag":[],"class_list":{"0":"post-5409","1":"product","2":"type-product","3":"status-publish","4":"has-post-thumbnail","6":"product_cat-hauts-a-manches-longues","8":"first","9":"instock","10":"taxable","11":"shipping-taxable","12":"purchasable","13":"product-type-variable"},"_links":{"self":[{"href":"https:\/\/laboutiquemcg.com\/index.php\/wp-json\/wp\/v2\/product\/5409","targetHints":{"allow":["GET"]}}],"collection":[{"href":"https:\/\/laboutiquemcg.com\/index.php\/wp-json\/wp\/v2\/product"}],"about":[{"href":"https:\/\/laboutiquemcg.com\/index.php\/wp-json\/wp\/v2\/types\/product"}],"replies":[{"embeddable":true,"href":"https:\/\/laboutiquemcg.com\/index.php\/wp-json\/wp\/v2\/comments?post=5409"}],"version-history":[{"count":2,"href":"https:\/\/laboutiquemcg.com\/index.php\/wp-json\/wp\/v2\/product\/5409\/revisions"}],"predecessor-version":[{"id":5539,"href":"https:\/\/laboutiquemcg.com\/index.php\/wp-json\/wp\/v2\/product\/5409\/revisions\/5539"}],"wp:featuredmedia":[{"embeddable":true,"href":"https:\/\/laboutiquemcg.com\/index.php\/wp-json\/wp\/v2\/media\/5506"}],"wp:attachment":[{"href":"https:\/\/laboutiquemcg.com\/index.php\/wp-json\/wp\/v2\/media?parent=5409"}],"wp:term":[{"taxonomy":"product_brand","embeddable":true,"href":"https:\/\/laboutiquemcg.com\/index.php\/wp-json\/wp\/v2\/product_brand?post=5409"},{"taxonomy":"product_cat","embeddable":true,"href":"https:\/\/laboutiquemcg.com\/index.php\/wp-json\/wp\/v2\/product_cat?post=5409"},{"taxonomy":"product_tag","embeddable":true,"href":"https:\/\/laboutiquemcg.com\/index.php\/wp-json\/wp\/v2\/product_tag?post=5409"}],"curies":[{"name":"wp","href":"https:\/\/api.w.org\/{rel}","templated":true}]}}