{"id":5578,"date":"2024-07-06T16:43:22","date_gmt":"2024-07-06T14:43:22","guid":{"rendered":"https:\/\/laboutiquemcg.com\/index.php\/produit\/debardeur-femme-alluauto-noir-et-blanc\/"},"modified":"2025-01-01T14:11:59","modified_gmt":"2025-01-01T13:11:59","slug":"debardeur-femme-alluauto-noir-et-blanc","status":"publish","type":"product","link":"https:\/\/laboutiquemcg.com\/index.php\/produit\/debardeur-femme-alluauto-noir-et-blanc\/","title":{"rendered":"D\u00e9bardeur femme AlluAuto noir et blanc"},"content":{"rendered":"<p>Ce d\u00e9bardeur est doux et fluide avec des emmanchures coup\u00e9es bas pour un look d\u00e9contract\u00e9.<\/p>\n<p>\u2022 65\u00a0% polyester, 35\u00a0% viscose<br \/>\n\u2022 Le coloris Athletic Heather est compos\u00e9 de 52\u00a0% de polyester et de 48\u00a0% de viscose<br \/>\n\u2022 Le coloris Black Heather est compos\u00e9 de 80\u00a0% de rayon et de 20\u00a0% de polyester<br \/>\n\u2022 Poids du tissu\u00a0: 142\u00a0g\/m\u00b2 (4,2\u00a0oz\/y\u00b2)<br \/>\n\u2022 Coupe ample<br \/>\n\u2022 Emmanchures coup\u00e9es bas<br \/>\n\u2022 Ourlet inf\u00e9rieur incurv\u00e9<br \/>\n\u2022 Couture sur le c\u00f4t\u00e9<br \/>\n\u2022 Produit vierge provenant du Honduras, du Nicaragua, des \u00c9tats-Unis ou du Vietnam<\/p>\n","protected":false},"excerpt":{"rendered":"<p>Ce d\u00e9bardeur est doux et fluide avec des emmanchures coup\u00e9es bas pour un look d\u00e9contract\u00e9. \u2022 65\u00a0% polyester, 35\u00a0% viscose \u2022 Le coloris Athletic Heather est compos\u00e9 de 52\u00a0% de polyester et de 48\u00a0% de viscose \u2022 Le coloris Black Heather est compos\u00e9 de 80\u00a0% de rayon et de 20\u00a0% de polyester \u2022 Poids du [&hellip;]<\/p>\n","protected":false},"featured_media":5609,"comment_status":"open","ping_status":"closed","template":"","meta":[],"product_brand":[],"product_cat":[48],"product_tag":[],"class_list":{"0":"post-5578","1":"product","2":"type-product","3":"status-publish","4":"has-post-thumbnail","6":"product_cat-debardeurs","8":"first","9":"instock","10":"taxable","11":"shipping-taxable","12":"purchasable","13":"product-type-variable"},"_links":{"self":[{"href":"https:\/\/laboutiquemcg.com\/index.php\/wp-json\/wp\/v2\/product\/5578","targetHints":{"allow":["GET"]}}],"collection":[{"href":"https:\/\/laboutiquemcg.com\/index.php\/wp-json\/wp\/v2\/product"}],"about":[{"href":"https:\/\/laboutiquemcg.com\/index.php\/wp-json\/wp\/v2\/types\/product"}],"replies":[{"embeddable":true,"href":"https:\/\/laboutiquemcg.com\/index.php\/wp-json\/wp\/v2\/comments?post=5578"}],"version-history":[{"count":2,"href":"https:\/\/laboutiquemcg.com\/index.php\/wp-json\/wp\/v2\/product\/5578\/revisions"}],"predecessor-version":[{"id":5616,"href":"https:\/\/laboutiquemcg.com\/index.php\/wp-json\/wp\/v2\/product\/5578\/revisions\/5616"}],"wp:featuredmedia":[{"embeddable":true,"href":"https:\/\/laboutiquemcg.com\/index.php\/wp-json\/wp\/v2\/media\/5609"}],"wp:attachment":[{"href":"https:\/\/laboutiquemcg.com\/index.php\/wp-json\/wp\/v2\/media?parent=5578"}],"wp:term":[{"taxonomy":"product_brand","embeddable":true,"href":"https:\/\/laboutiquemcg.com\/index.php\/wp-json\/wp\/v2\/product_brand?post=5578"},{"taxonomy":"product_cat","embeddable":true,"href":"https:\/\/laboutiquemcg.com\/index.php\/wp-json\/wp\/v2\/product_cat?post=5578"},{"taxonomy":"product_tag","embeddable":true,"href":"https:\/\/laboutiquemcg.com\/index.php\/wp-json\/wp\/v2\/product_tag?post=5578"}],"curies":[{"name":"wp","href":"https:\/\/api.w.org\/{rel}","templated":true}]}}