{"id":5730,"date":"2024-07-06T17:01:08","date_gmt":"2024-07-06T15:01:08","guid":{"rendered":"https:\/\/laboutiquemcg.com\/index.php\/produit\/t-shirt-femme-alluauto-noir-et-blanc\/"},"modified":"2025-06-27T10:58:51","modified_gmt":"2025-06-27T08:58:51","slug":"t-shirt-femme-alluauto-noir-et-blanc","status":"publish","type":"product","link":"https:\/\/laboutiquemcg.com\/index.php\/produit\/t-shirt-femme-alluauto-noir-et-blanc\/","title":{"rendered":"T-shirt femme AlluAuto noir et blanc"},"content":{"rendered":"<p>Vous avez maintenant trouv\u00e9 le t-shirt de base de votre garde-robe. Doux et confortable, il est compos\u00e9 de 100\u00a0% de coton fil\u00e9 \u00e0 l&rsquo;anneau. La double couture de l&rsquo;encolure et des manches prolonge la durabilit\u00e9 de ce qui sera s\u00fbrement un de vos v\u00eatements pr\u00e9f\u00e9r\u00e9s\u00a0!<\/p>\n<p>\u2022 100\u00a0% coton fil\u00e9 \u00e0 l&rsquo;anneau<br \/>\n\u2022 Le Sport Grey est compos\u00e9 de 90\u00a0% de coton fil\u00e9 \u00e0 l&rsquo;anneau et de 10\u00a0% de polyester<br \/>\n\u2022 Le Dark Heather est compos\u00e9 de 65\u00a0% de polyester et de 35\u00a0% de coton<br \/>\n\u2022 153\u00a0g\/m\u00b2<br \/>\n\u2022 Ruban de renfort d&rsquo;une \u00e9paule \u00e0 l&rsquo;autre<br \/>\n\u2022 Tissu tourn\u00e9 d&rsquo;un quart de tour pour \u00e9liminer le pli central<br \/>\n\u2022 Produit vierge provenant du Bangladesh, du Nicaragua, du Honduras, de la R\u00e9publique dominicaine, d&rsquo;Ha\u00efti ou du Guatemala<\/p>\n","protected":false},"excerpt":{"rendered":"<p>Vous avez maintenant trouv\u00e9 le t-shirt de base de votre garde-robe. Doux et confortable, il est compos\u00e9 de 100\u00a0% de coton fil\u00e9 \u00e0 l&rsquo;anneau. La double couture de l&rsquo;encolure et des manches prolonge la durabilit\u00e9 de ce qui sera s\u00fbrement un de vos v\u00eatements pr\u00e9f\u00e9r\u00e9s\u00a0! \u2022 100\u00a0% coton fil\u00e9 \u00e0 l&rsquo;anneau \u2022 Le Sport Grey [&hellip;]<\/p>\n","protected":false},"featured_media":5761,"comment_status":"open","ping_status":"closed","template":"","meta":[],"product_brand":[],"product_cat":[47],"product_tag":[],"class_list":{"0":"post-5730","1":"product","2":"type-product","3":"status-publish","4":"has-post-thumbnail","6":"product_cat-t-shirts-tous-les-hauts-femme","8":"first","9":"instock","10":"taxable","11":"shipping-taxable","12":"purchasable","13":"product-type-variable"},"_links":{"self":[{"href":"https:\/\/laboutiquemcg.com\/index.php\/wp-json\/wp\/v2\/product\/5730","targetHints":{"allow":["GET"]}}],"collection":[{"href":"https:\/\/laboutiquemcg.com\/index.php\/wp-json\/wp\/v2\/product"}],"about":[{"href":"https:\/\/laboutiquemcg.com\/index.php\/wp-json\/wp\/v2\/types\/product"}],"replies":[{"embeddable":true,"href":"https:\/\/laboutiquemcg.com\/index.php\/wp-json\/wp\/v2\/comments?post=5730"}],"version-history":[{"count":3,"href":"https:\/\/laboutiquemcg.com\/index.php\/wp-json\/wp\/v2\/product\/5730\/revisions"}],"predecessor-version":[{"id":7571,"href":"https:\/\/laboutiquemcg.com\/index.php\/wp-json\/wp\/v2\/product\/5730\/revisions\/7571"}],"wp:featuredmedia":[{"embeddable":true,"href":"https:\/\/laboutiquemcg.com\/index.php\/wp-json\/wp\/v2\/media\/5761"}],"wp:attachment":[{"href":"https:\/\/laboutiquemcg.com\/index.php\/wp-json\/wp\/v2\/media?parent=5730"}],"wp:term":[{"taxonomy":"product_brand","embeddable":true,"href":"https:\/\/laboutiquemcg.com\/index.php\/wp-json\/wp\/v2\/product_brand?post=5730"},{"taxonomy":"product_cat","embeddable":true,"href":"https:\/\/laboutiquemcg.com\/index.php\/wp-json\/wp\/v2\/product_cat?post=5730"},{"taxonomy":"product_tag","embeddable":true,"href":"https:\/\/laboutiquemcg.com\/index.php\/wp-json\/wp\/v2\/product_tag?post=5730"}],"curies":[{"name":"wp","href":"https:\/\/api.w.org\/{rel}","templated":true}]}}