{"id":5883,"date":"2024-07-06T17:18:03","date_gmt":"2024-07-06T15:18:03","guid":{"rendered":"https:\/\/laboutiquemcg.com\/index.php\/produit\/maillot-de-bain-homme-n3wline\/"},"modified":"2025-06-27T11:04:45","modified_gmt":"2025-06-27T09:04:45","slug":"maillot-de-bain-homme-n3wline","status":"publish","type":"product","link":"https:\/\/laboutiquemcg.com\/index.php\/produit\/maillot-de-bain-homme-n3wline\/","title":{"rendered":"Maillot de bain homme N3wLine"},"content":{"rendered":"<p>Ces maillots de bain all over homme disposent de tout ce dont vous avez besoin pour une chaude journ\u00e9e d&rsquo;\u00e9t\u00e9\u00a0: ils s\u00e8chent rapidement et sont respirants, sont dot\u00e9s de multiples poches pour vos affaires et disposent d&rsquo;une doublure int\u00e9rieure soyeuse et anti-irritations. Achetez-les d\u00e8s maintenant\u00a0!<\/p>\n<p>\u2022 Composition du tissu : (peut varier de 5 %) 91% polyester recycl\u00e9, 9% spandex<br \/>\n\u2022 Poids du tissu (peut varier de 5 %) : 174\u00a0g\/m\u00b2 (5,13\u00a0oz\/yd\u00b2)<br \/>\n\u2022 Tissu microfibre d\u00e9perlant extensible dans les quatre sens<br \/>\n\u2022 Doublure int\u00e9rieure en maille anti-chaleur<br \/>\n\u2022 Ceinture \u00e9lastique avec cordon de serrage<br \/>\n\u2022 Poches en maille<br \/>\n\u2022 Petite poche int\u00e9rieure pour les objets de valeur<br \/>\n\u2022 SPF 50+<\/p>\n<p>\u2022 Tra\u00e7abilit\u00e9\u00a0:<br \/>\n&#8211; Tricot : Chine<br \/>\n&#8211; Teinture : Chine<br \/>\n&#8211; Fabrication : Lettonie<br \/>\n\u2022 Contient 91\u00a0% de polyester recycl\u00e9<br \/>\n\u2022 Contient 0\u00a0% de substances dangereuses<br \/>\n\u2022 Cet article lib\u00e8re des microfibres en plastique dans l&rsquo;environnement pendant le lavage<\/p>\n","protected":false},"excerpt":{"rendered":"<p>Ces maillots de bain all over homme disposent de tout ce dont vous avez besoin pour une chaude journ\u00e9e d&rsquo;\u00e9t\u00e9\u00a0: ils s\u00e8chent rapidement et sont respirants, sont dot\u00e9s de multiples poches pour vos affaires et disposent d&rsquo;une doublure int\u00e9rieure soyeuse et anti-irritations. Achetez-les d\u00e8s maintenant\u00a0! \u2022 Composition du tissu : (peut varier de 5 %) [&hellip;]<\/p>\n","protected":false},"featured_media":5895,"comment_status":"open","ping_status":"closed","template":"","meta":[],"product_brand":[],"product_cat":[44,77],"product_tag":[],"class_list":{"0":"post-5883","1":"product","2":"type-product","3":"status-publish","4":"has-post-thumbnail","6":"product_cat-maillot-de-bain","7":"product_cat-promotions","9":"first","10":"instock","11":"sale","12":"taxable","13":"shipping-taxable","14":"purchasable","15":"product-type-variable"},"_links":{"self":[{"href":"https:\/\/laboutiquemcg.com\/index.php\/wp-json\/wp\/v2\/product\/5883","targetHints":{"allow":["GET"]}}],"collection":[{"href":"https:\/\/laboutiquemcg.com\/index.php\/wp-json\/wp\/v2\/product"}],"about":[{"href":"https:\/\/laboutiquemcg.com\/index.php\/wp-json\/wp\/v2\/types\/product"}],"replies":[{"embeddable":true,"href":"https:\/\/laboutiquemcg.com\/index.php\/wp-json\/wp\/v2\/comments?post=5883"}],"version-history":[{"count":3,"href":"https:\/\/laboutiquemcg.com\/index.php\/wp-json\/wp\/v2\/product\/5883\/revisions"}],"predecessor-version":[{"id":8891,"href":"https:\/\/laboutiquemcg.com\/index.php\/wp-json\/wp\/v2\/product\/5883\/revisions\/8891"}],"wp:featuredmedia":[{"embeddable":true,"href":"https:\/\/laboutiquemcg.com\/index.php\/wp-json\/wp\/v2\/media\/5895"}],"wp:attachment":[{"href":"https:\/\/laboutiquemcg.com\/index.php\/wp-json\/wp\/v2\/media?parent=5883"}],"wp:term":[{"taxonomy":"product_brand","embeddable":true,"href":"https:\/\/laboutiquemcg.com\/index.php\/wp-json\/wp\/v2\/product_brand?post=5883"},{"taxonomy":"product_cat","embeddable":true,"href":"https:\/\/laboutiquemcg.com\/index.php\/wp-json\/wp\/v2\/product_cat?post=5883"},{"taxonomy":"product_tag","embeddable":true,"href":"https:\/\/laboutiquemcg.com\/index.php\/wp-json\/wp\/v2\/product_tag?post=5883"}],"curies":[{"name":"wp","href":"https:\/\/api.w.org\/{rel}","templated":true}]}}