{"id":5963,"date":"2024-07-06T17:30:46","date_gmt":"2024-07-06T15:30:46","guid":{"rendered":"https:\/\/laboutiquemcg.com\/index.php\/produit\/legging-homme-alluauto-noir-et-blanc\/"},"modified":"2025-01-08T11:08:47","modified_gmt":"2025-01-08T10:08:47","slug":"legging-homme-alluauto-noir-et-blanc","status":"publish","type":"product","link":"https:\/\/laboutiquemcg.com\/index.php\/produit\/legging-homme-alluauto-noir-et-blanc\/","title":{"rendered":"Legging homme AlluAuto noir et blanc"},"content":{"rendered":"<p>Soyez au mieux de votre forme dans ce legging pour homme\u00a0! La mati\u00e8re super douce et \u00e9lastique en fait le choix id\u00e9al pour tout type d&rsquo;activit\u00e9. Vous pouvez le porter seul ou sous un short. Ce legging a tout pour devenir votre nouveau v\u00eatement de sport pr\u00e9f\u00e9r\u00e9\u00a0!<\/p>\n<p>\u2022 82\u00a0% polyester, 18\u00a0% \u00e9lasthanne<br \/>\n\u2022 Tissu \u00e9lastique : les fibres du tissu se r\u00e9tractent sur la longueur et la largeur<br \/>\n\u2022 Coupe ajust\u00e9e<br \/>\n\u2022 Empi\u00e8cement avant pour plus de confort<br \/>\n\u2022 Coutures plates et surpiq\u00fbres<br \/>\n\u2022 Ceinture \u00e9lastique<br \/>\n\u2022 Mati\u00e8re tr\u00e8s douce et \u00e9lastique<br \/>\n\u2022 Les composants de produits vierges aux \u00c9tats-Unis et au Mexique proviennent de Chine<br \/>\n\u2022 Les composants de produits vierges dans l&rsquo;UE proviennent de Chine et de Lituanie<\/p>\n<p>\u2022 Tra\u00e7abilit\u00e9\u00a0:<br \/>\n&#8211; Tricotage\u00a0: Chine<br \/>\n&#8211; Teinture\u00a0: Chine<br \/>\n&#8211; Fabrication\u00a0: Lettonie<br \/>\n\u2022 Comprend 95\u00a0% de polyester recycl\u00e9<br \/>\n\u2022 Comprend 0\u00a0% de substances dangereuses<br \/>\n\u2022 Cet article lib\u00e8re des microfibres en plastique dans l&rsquo;environnement pendant le lavage<\/p>\n","protected":false},"excerpt":{"rendered":"<p>Soyez au mieux de votre forme dans ce legging pour homme\u00a0! La mati\u00e8re super douce et \u00e9lastique en fait le choix id\u00e9al pour tout type d&rsquo;activit\u00e9. Vous pouvez le porter seul ou sous un short. Ce legging a tout pour devenir votre nouveau v\u00eatement de sport pr\u00e9f\u00e9r\u00e9\u00a0! \u2022 82\u00a0% polyester, 18\u00a0% \u00e9lasthanne \u2022 Tissu \u00e9lastique [&hellip;]<\/p>\n","protected":false},"featured_media":5971,"comment_status":"open","ping_status":"closed","template":"","meta":[],"product_brand":[],"product_cat":[39],"product_tag":[],"class_list":{"0":"post-5963","1":"product","2":"type-product","3":"status-publish","4":"has-post-thumbnail","6":"product_cat-leggings","8":"first","9":"instock","10":"taxable","11":"shipping-taxable","12":"purchasable","13":"product-type-variable"},"_links":{"self":[{"href":"https:\/\/laboutiquemcg.com\/index.php\/wp-json\/wp\/v2\/product\/5963","targetHints":{"allow":["GET"]}}],"collection":[{"href":"https:\/\/laboutiquemcg.com\/index.php\/wp-json\/wp\/v2\/product"}],"about":[{"href":"https:\/\/laboutiquemcg.com\/index.php\/wp-json\/wp\/v2\/types\/product"}],"replies":[{"embeddable":true,"href":"https:\/\/laboutiquemcg.com\/index.php\/wp-json\/wp\/v2\/comments?post=5963"}],"version-history":[{"count":3,"href":"https:\/\/laboutiquemcg.com\/index.php\/wp-json\/wp\/v2\/product\/5963\/revisions"}],"predecessor-version":[{"id":7400,"href":"https:\/\/laboutiquemcg.com\/index.php\/wp-json\/wp\/v2\/product\/5963\/revisions\/7400"}],"wp:featuredmedia":[{"embeddable":true,"href":"https:\/\/laboutiquemcg.com\/index.php\/wp-json\/wp\/v2\/media\/5971"}],"wp:attachment":[{"href":"https:\/\/laboutiquemcg.com\/index.php\/wp-json\/wp\/v2\/media?parent=5963"}],"wp:term":[{"taxonomy":"product_brand","embeddable":true,"href":"https:\/\/laboutiquemcg.com\/index.php\/wp-json\/wp\/v2\/product_brand?post=5963"},{"taxonomy":"product_cat","embeddable":true,"href":"https:\/\/laboutiquemcg.com\/index.php\/wp-json\/wp\/v2\/product_cat?post=5963"},{"taxonomy":"product_tag","embeddable":true,"href":"https:\/\/laboutiquemcg.com\/index.php\/wp-json\/wp\/v2\/product_tag?post=5963"}],"curies":[{"name":"wp","href":"https:\/\/api.w.org\/{rel}","templated":true}]}}