{"id":6004,"date":"2024-07-06T17:40:22","date_gmt":"2024-07-06T15:40:22","guid":{"rendered":"https:\/\/laboutiquemcg.com\/index.php\/produit\/boxer-homme-alluauto-noir-et-blanc\/"},"modified":"2025-03-28T12:16:35","modified_gmt":"2025-03-28T11:16:35","slug":"boxer-homme-alluauto-noir-et-blanc","status":"publish","type":"product","link":"https:\/\/laboutiquemcg.com\/index.php\/produit\/boxer-homme-alluauto-noir-et-blanc\/","title":{"rendered":"Boxer homme AlluAuto noir et blanc"},"content":{"rendered":"<p>Ce boxer est fabriqu\u00e9 dans un mat\u00e9riau doux et extensible qui assure un confort tout au long de la journ\u00e9e. Le boxer n&rsquo;a pas de couture arri\u00e8re et il est dot\u00e9 d&rsquo;une poche frontale doubl\u00e9e pour plus de confort et de maintien.<\/p>\n<p>\u2022 95 % polyester, 5 % \u00e9lasthanne (la composition du tissu peut varier de 1 %)<br \/>\n\u2022 Hauteur moyenne<br \/>\n\u2022 Pochette frontale doubl\u00e9e pour un soutien suppl\u00e9mentaire<br \/>\n\u2022 Ceinture \u00e9lastique de 4 cm de large recouverte de tissu<br \/>\n\u2022 Panneau d&rsquo;entrejambe<br \/>\n\u2022 Surjet et point de recouvrement<br \/>\n\u2022 Pas de couture arri\u00e8re pour plus de confort<br \/>\n\u2022 Les composants de produits vierges dans l&rsquo;UE proviennent de Lituanie<br \/>\n\u2022 Les composants de produits vierges au Mexique proviennent des \u00c9tats-Unis et de la Chine<\/p>\n<p>\u2022 Tra\u00e7abilit\u00e9\u00a0:<br \/>\n&#8211; Tricotage\u00a0: Chine<br \/>\n&#8211; Teinture\u00a0: Chine<br \/>\n&#8211; Fabrication\u00a0: Lettonie<br \/>\n\u2022 Comprend 95\u00a0% de polyester recycl\u00e9<br \/>\n\u2022 Comprend 0\u00a0% de substances dangereuses<br \/>\n\u2022 Cet article lib\u00e8re des microfibres en plastique dans l&rsquo;environnement pendant le lavage<\/p>\n","protected":false},"excerpt":{"rendered":"<p>Ce boxer est fabriqu\u00e9 dans un mat\u00e9riau doux et extensible qui assure un confort tout au long de la journ\u00e9e. Le boxer n&rsquo;a pas de couture arri\u00e8re et il est dot\u00e9 d&rsquo;une poche frontale doubl\u00e9e pour plus de confort et de maintien. \u2022 95 % polyester, 5 % \u00e9lasthanne (la composition du tissu peut varier [&hellip;]<\/p>\n","protected":false},"featured_media":6012,"comment_status":"open","ping_status":"closed","template":"","meta":[],"product_brand":[],"product_cat":[38],"product_tag":[],"class_list":{"0":"post-6004","1":"product","2":"type-product","3":"status-publish","4":"has-post-thumbnail","6":"product_cat-sous-vetements","8":"first","9":"instock","10":"taxable","11":"shipping-taxable","12":"purchasable","13":"product-type-variable"},"_links":{"self":[{"href":"https:\/\/laboutiquemcg.com\/index.php\/wp-json\/wp\/v2\/product\/6004","targetHints":{"allow":["GET"]}}],"collection":[{"href":"https:\/\/laboutiquemcg.com\/index.php\/wp-json\/wp\/v2\/product"}],"about":[{"href":"https:\/\/laboutiquemcg.com\/index.php\/wp-json\/wp\/v2\/types\/product"}],"replies":[{"embeddable":true,"href":"https:\/\/laboutiquemcg.com\/index.php\/wp-json\/wp\/v2\/comments?post=6004"}],"version-history":[{"count":3,"href":"https:\/\/laboutiquemcg.com\/index.php\/wp-json\/wp\/v2\/product\/6004\/revisions"}],"predecessor-version":[{"id":7446,"href":"https:\/\/laboutiquemcg.com\/index.php\/wp-json\/wp\/v2\/product\/6004\/revisions\/7446"}],"wp:featuredmedia":[{"embeddable":true,"href":"https:\/\/laboutiquemcg.com\/index.php\/wp-json\/wp\/v2\/media\/6012"}],"wp:attachment":[{"href":"https:\/\/laboutiquemcg.com\/index.php\/wp-json\/wp\/v2\/media?parent=6004"}],"wp:term":[{"taxonomy":"product_brand","embeddable":true,"href":"https:\/\/laboutiquemcg.com\/index.php\/wp-json\/wp\/v2\/product_brand?post=6004"},{"taxonomy":"product_cat","embeddable":true,"href":"https:\/\/laboutiquemcg.com\/index.php\/wp-json\/wp\/v2\/product_cat?post=6004"},{"taxonomy":"product_tag","embeddable":true,"href":"https:\/\/laboutiquemcg.com\/index.php\/wp-json\/wp\/v2\/product_tag?post=6004"}],"curies":[{"name":"wp","href":"https:\/\/api.w.org\/{rel}","templated":true}]}}