{"id":7977,"date":"2025-01-01T15:17:41","date_gmt":"2025-01-01T14:17:41","guid":{"rendered":"https:\/\/laboutiquemcg.com\/index.php\/produit\/nouveau-pantalon-de-survetement-homme-mcg2025\/"},"modified":"2025-06-27T10:59:50","modified_gmt":"2025-06-27T08:59:50","slug":"nouveau-pantalon-de-survetement-homme-mcg2025","status":"publish","type":"product","link":"https:\/\/laboutiquemcg.com\/index.php\/produit\/nouveau-pantalon-de-survetement-homme-mcg2025\/","title":{"rendered":"NOUVEAU Pantalon de surv\u00eatement homme MCG2025"},"content":{"rendered":"<p>Le pantalon de surv\u00eatement unisexe sera votre nouvelle pi\u00e8ce favorite pour faire du sport ou cr\u00e9er une tenue streetwear. Le tissu l\u00e9ger et r\u00e9sistant \u00e0 l&rsquo;eau et la doublure en maille assurent votre confort, tandis que les poignets \u00e9lastiques au niveau des chevilles vous permettront de mettre en valeur vos chaussures de sport. Associez-le \u00e0 un coupe-vent pour un look complet.<\/p>\n<p>\u2022 100\u00a0% polyester<br \/>\n\u2022 Poids du tissu\u00a0: 75\u00a0g\/m\u00b2 (2,21\u00a0oz\/yd\u00b2)<br \/>\n\u2022 Tissu l\u00e9ger et r\u00e9sistant \u00e0 l&rsquo;eau<br \/>\n\u2022 Enti\u00e8rement doubl\u00e9, doublure en maille<br \/>\n\u2022 Coupe d\u00e9contract\u00e9e<br \/>\n\u2022 Bande \u00e9lastique \u00e0 la taille et aux poignets<br \/>\n\u2022 Cordon de serrage<br \/>\n\u2022 Poches zipp\u00e9es<br \/>\n\u2022 Se place au niveau de la hanche<br \/>\n\u2022 Produit vierge provenant de Chine<\/p>\n<p>\u2022 Tra\u00e7abilit\u00e9\u00a0:<br \/>\n&#8211; Tricotage\u00a0: Chine<br \/>\n&#8211; Teinture\u00a0: Chine<br \/>\n&#8211; Fabrication\u00a0: Lettonie<br \/>\n\u2022 Comprend 95\u00a0% de polyester recycl\u00e9<br \/>\n\u2022 Comprend 0\u00a0% de substances dangereuses<br \/>\n\u2022 Cet article lib\u00e8re des microfibres en plastique dans l&rsquo;environnement pendant le lavage<\/p>\n","protected":false},"excerpt":{"rendered":"<p>Le pantalon de surv\u00eatement unisexe sera votre nouvelle pi\u00e8ce favorite pour faire du sport ou cr\u00e9er une tenue streetwear. Le tissu l\u00e9ger et r\u00e9sistant \u00e0 l&rsquo;eau et la doublure en maille assurent votre confort, tandis que les poignets \u00e9lastiques au niveau des chevilles vous permettront de mettre en valeur vos chaussures de sport. Associez-le \u00e0 [&hellip;]<\/p>\n","protected":false},"featured_media":7985,"comment_status":"open","ping_status":"closed","template":"","meta":[],"product_brand":[],"product_cat":[40],"product_tag":[],"class_list":{"0":"post-7977","1":"product","2":"type-product","3":"status-publish","4":"has-post-thumbnail","6":"product_cat-pantalon","8":"first","9":"instock","10":"taxable","11":"shipping-taxable","12":"purchasable","13":"product-type-variable"},"_links":{"self":[{"href":"https:\/\/laboutiquemcg.com\/index.php\/wp-json\/wp\/v2\/product\/7977","targetHints":{"allow":["GET"]}}],"collection":[{"href":"https:\/\/laboutiquemcg.com\/index.php\/wp-json\/wp\/v2\/product"}],"about":[{"href":"https:\/\/laboutiquemcg.com\/index.php\/wp-json\/wp\/v2\/types\/product"}],"replies":[{"embeddable":true,"href":"https:\/\/laboutiquemcg.com\/index.php\/wp-json\/wp\/v2\/comments?post=7977"}],"version-history":[{"count":3,"href":"https:\/\/laboutiquemcg.com\/index.php\/wp-json\/wp\/v2\/product\/7977\/revisions"}],"predecessor-version":[{"id":8845,"href":"https:\/\/laboutiquemcg.com\/index.php\/wp-json\/wp\/v2\/product\/7977\/revisions\/8845"}],"wp:featuredmedia":[{"embeddable":true,"href":"https:\/\/laboutiquemcg.com\/index.php\/wp-json\/wp\/v2\/media\/7985"}],"wp:attachment":[{"href":"https:\/\/laboutiquemcg.com\/index.php\/wp-json\/wp\/v2\/media?parent=7977"}],"wp:term":[{"taxonomy":"product_brand","embeddable":true,"href":"https:\/\/laboutiquemcg.com\/index.php\/wp-json\/wp\/v2\/product_brand?post=7977"},{"taxonomy":"product_cat","embeddable":true,"href":"https:\/\/laboutiquemcg.com\/index.php\/wp-json\/wp\/v2\/product_cat?post=7977"},{"taxonomy":"product_tag","embeddable":true,"href":"https:\/\/laboutiquemcg.com\/index.php\/wp-json\/wp\/v2\/product_tag?post=7977"}],"curies":[{"name":"wp","href":"https:\/\/api.w.org\/{rel}","templated":true}]}}