{"id":7987,"date":"2025-01-01T15:20:35","date_gmt":"2025-01-01T14:20:35","guid":{"rendered":"https:\/\/laboutiquemcg.com\/index.php\/produit\/maillot-de-bain-homme-mcg2025\/"},"modified":"2025-06-27T11:00:31","modified_gmt":"2025-06-27T09:00:31","slug":"maillot-de-bain-homme-mcg2025","status":"publish","type":"product","link":"https:\/\/laboutiquemcg.com\/index.php\/produit\/maillot-de-bain-homme-mcg2025\/","title":{"rendered":"Maillot de bain homme MCG2025"},"content":{"rendered":"<p>Ce maillot de bain pour homme a tout ce dont vous avez besoin pour une chaude journ\u00e9e d&rsquo;\u00e9t\u00e9\u00a0: il s\u00e8che rapidement et est respirant, il a plusieurs poches pour vos effets personnels et dispose d&rsquo;une doublure int\u00e9rieure soyeuse et anti-irritations. Procurez-vous le maintenant\u00a0!<\/p>\n<p>\u2022 Composition du tissu\u00a0: 91\u00a0% polyester recycl\u00e9, 9\u00a0% spandex<br \/>\n\u2022 Composition du doubleur\u00a0: 92\u00a0% polyester et 8\u00a0% spandex<br \/>\n\u2022 Poids du tissu (peut varier de 5\u00a0%)\u00a0: 174\u00a0g\/m\u00b2 (5,13\u00a0oz\/yd\u00b2)<br \/>\n\u2022 Tissu en microfibre extensible dans les quatre directions<br \/>\n\u2022 Doublure int\u00e9rieure en maille anti-irritation<br \/>\n\u2022 Ceinture \u00e9lastique avec cordon de serrage<br \/>\n\u2022 Poches en maille<br \/>\n\u2022 Petite poche int\u00e9rieure pour les objets de valeur<\/p>\n<p>\u2022 Tra\u00e7abilit\u00e9\u00a0:<br \/>\n&#8211; Tricot : Chine<br \/>\n&#8211; Teinture : Chine<br \/>\n&#8211; Fabrication : Lettonie<br \/>\n\u2022 Contient 91\u00a0% de polyester recycl\u00e9<br \/>\n\u2022 Contient 0\u00a0% de substances dangereuses<br \/>\n\u2022 Cet article lib\u00e8re des microfibres en plastique dans l&rsquo;environnement pendant le lavage<\/p>\n","protected":false},"excerpt":{"rendered":"<p>Ce maillot de bain pour homme a tout ce dont vous avez besoin pour une chaude journ\u00e9e d&rsquo;\u00e9t\u00e9\u00a0: il s\u00e8che rapidement et est respirant, il a plusieurs poches pour vos effets personnels et dispose d&rsquo;une doublure int\u00e9rieure soyeuse et anti-irritations. Procurez-vous le maintenant\u00a0! \u2022 Composition du tissu\u00a0: 91\u00a0% polyester recycl\u00e9, 9\u00a0% spandex \u2022 Composition du [&hellip;]<\/p>\n","protected":false},"featured_media":7999,"comment_status":"open","ping_status":"closed","template":"","meta":[],"product_brand":[],"product_cat":[44],"product_tag":[],"class_list":{"0":"post-7987","1":"product","2":"type-product","3":"status-publish","4":"has-post-thumbnail","6":"product_cat-maillot-de-bain","8":"first","9":"instock","10":"taxable","11":"shipping-taxable","12":"purchasable","13":"product-type-variable"},"_links":{"self":[{"href":"https:\/\/laboutiquemcg.com\/index.php\/wp-json\/wp\/v2\/product\/7987","targetHints":{"allow":["GET"]}}],"collection":[{"href":"https:\/\/laboutiquemcg.com\/index.php\/wp-json\/wp\/v2\/product"}],"about":[{"href":"https:\/\/laboutiquemcg.com\/index.php\/wp-json\/wp\/v2\/types\/product"}],"replies":[{"embeddable":true,"href":"https:\/\/laboutiquemcg.com\/index.php\/wp-json\/wp\/v2\/comments?post=7987"}],"version-history":[{"count":2,"href":"https:\/\/laboutiquemcg.com\/index.php\/wp-json\/wp\/v2\/product\/7987\/revisions"}],"predecessor-version":[{"id":8877,"href":"https:\/\/laboutiquemcg.com\/index.php\/wp-json\/wp\/v2\/product\/7987\/revisions\/8877"}],"wp:featuredmedia":[{"embeddable":true,"href":"https:\/\/laboutiquemcg.com\/index.php\/wp-json\/wp\/v2\/media\/7999"}],"wp:attachment":[{"href":"https:\/\/laboutiquemcg.com\/index.php\/wp-json\/wp\/v2\/media?parent=7987"}],"wp:term":[{"taxonomy":"product_brand","embeddable":true,"href":"https:\/\/laboutiquemcg.com\/index.php\/wp-json\/wp\/v2\/product_brand?post=7987"},{"taxonomy":"product_cat","embeddable":true,"href":"https:\/\/laboutiquemcg.com\/index.php\/wp-json\/wp\/v2\/product_cat?post=7987"},{"taxonomy":"product_tag","embeddable":true,"href":"https:\/\/laboutiquemcg.com\/index.php\/wp-json\/wp\/v2\/product_tag?post=7987"}],"curies":[{"name":"wp","href":"https:\/\/api.w.org\/{rel}","templated":true}]}}