{"id":8298,"date":"2025-01-01T15:41:29","date_gmt":"2025-01-01T14:41:29","guid":{"rendered":"https:\/\/laboutiquemcg.com\/index.php\/produit\/sweat-a-capuche-femme-mcg2025\/"},"modified":"2025-01-01T15:42:49","modified_gmt":"2025-01-01T14:42:49","slug":"sweat-a-capuche-femme-mcg2025","status":"publish","type":"product","link":"https:\/\/laboutiquemcg.com\/index.php\/produit\/sweat-a-capuche-femme-mcg2025\/","title":{"rendered":"Sweat \u00e0 capuche femme MCG2025"},"content":{"rendered":"<p>Tout le monde a besoin d&rsquo;un sweat \u00e0 capuche douillet dans lequel se blottir, alors choisissez-en un qui est doux, lisse et \u00e9l\u00e9gant. C&rsquo;est le choix id\u00e9al pour les soir\u00e9es plus fra\u00eeches\u00a0!<\/p>\n<p>\u2022 50\u00a0% coton pr\u00e9r\u00e9tr\u00e9ci et 50\u00a0% polyester<br \/>\n\u2022 Grammage du tissu\u00a0: 271,25 g\/m\u00b2<br \/>\n\u2022 Fil fil\u00e9 par jet d&rsquo;air au toucher doux et au boulochage r\u00e9duit<br \/>\n\u2022 Capuche \u00e0 double doublure avec cordon de serrage assorti<br \/>\n\u2022 Corps tourn\u00e9 d&rsquo;un quart de tour pour \u00e9viter le pli central<br \/>\n\u2022 Poignets et ceinture athl\u00e9tiques en tricot c\u00f4tel\u00e9 avec spandex<br \/>\n\u2022 Poche avant<br \/>\n\u2022 Couture \u00e0 aiguille double du col, des \u00e9paules, des emmanchures, des poignets et de l&rsquo;ourlet<br \/>\n\u2022 Produit vierge provenant du Bangladesh, du Nicaragua, du Honduras ou du Salvador<\/p>\n<p>\u2022 Tra\u00e7abilit\u00e9\u00a0:<br \/>\n&#8211; Tricot\u00a0\u2013 Honduras, Bangladesh<br \/>\n&#8211; Teinture\u00a0\u2013 Honduras, Bangladesh<br \/>\n&#8211; Fabrication \u2013 Nicaragua, Honduras, Bangladesh ou Le Salvador<br \/>\n\u2022 Contient 0\u00a0% de polyester recycl\u00e9<br \/>\n\u2022 Contient 0\u00a0% de substances dangereuses<br \/>\n\u2022 Cet article lib\u00e8re des microfibres en plastique dans l&rsquo;environnement pendant le lavage<\/p>\n","protected":false},"excerpt":{"rendered":"<p>Tout le monde a besoin d&rsquo;un sweat \u00e0 capuche douillet dans lequel se blottir, alors choisissez-en un qui est doux, lisse et \u00e9l\u00e9gant. C&rsquo;est le choix id\u00e9al pour les soir\u00e9es plus fra\u00eeches\u00a0! \u2022 50\u00a0% coton pr\u00e9r\u00e9tr\u00e9ci et 50\u00a0% polyester \u2022 Grammage du tissu\u00a0: 271,25 g\/m\u00b2 \u2022 Fil fil\u00e9 par jet d&rsquo;air au toucher doux et [&hellip;]<\/p>\n","protected":false},"featured_media":8399,"comment_status":"open","ping_status":"closed","template":"","meta":[],"product_brand":[],"product_cat":[54],"product_tag":[],"class_list":{"0":"post-8298","1":"product","2":"type-product","3":"status-publish","4":"has-post-thumbnail","6":"product_cat-sweats-a-capuche-tous-les-hauts-femme","8":"first","9":"instock","10":"taxable","11":"shipping-taxable","12":"purchasable","13":"product-type-variable"},"_links":{"self":[{"href":"https:\/\/laboutiquemcg.com\/index.php\/wp-json\/wp\/v2\/product\/8298","targetHints":{"allow":["GET"]}}],"collection":[{"href":"https:\/\/laboutiquemcg.com\/index.php\/wp-json\/wp\/v2\/product"}],"about":[{"href":"https:\/\/laboutiquemcg.com\/index.php\/wp-json\/wp\/v2\/types\/product"}],"replies":[{"embeddable":true,"href":"https:\/\/laboutiquemcg.com\/index.php\/wp-json\/wp\/v2\/comments?post=8298"}],"version-history":[{"count":1,"href":"https:\/\/laboutiquemcg.com\/index.php\/wp-json\/wp\/v2\/product\/8298\/revisions"}],"predecessor-version":[{"id":8413,"href":"https:\/\/laboutiquemcg.com\/index.php\/wp-json\/wp\/v2\/product\/8298\/revisions\/8413"}],"wp:featuredmedia":[{"embeddable":true,"href":"https:\/\/laboutiquemcg.com\/index.php\/wp-json\/wp\/v2\/media\/8399"}],"wp:attachment":[{"href":"https:\/\/laboutiquemcg.com\/index.php\/wp-json\/wp\/v2\/media?parent=8298"}],"wp:term":[{"taxonomy":"product_brand","embeddable":true,"href":"https:\/\/laboutiquemcg.com\/index.php\/wp-json\/wp\/v2\/product_brand?post=8298"},{"taxonomy":"product_cat","embeddable":true,"href":"https:\/\/laboutiquemcg.com\/index.php\/wp-json\/wp\/v2\/product_cat?post=8298"},{"taxonomy":"product_tag","embeddable":true,"href":"https:\/\/laboutiquemcg.com\/index.php\/wp-json\/wp\/v2\/product_tag?post=8298"}],"curies":[{"name":"wp","href":"https:\/\/api.w.org\/{rel}","templated":true}]}}