{"id":8549,"date":"2025-01-01T15:55:43","date_gmt":"2025-01-01T14:55:43","guid":{"rendered":"https:\/\/laboutiquemcg.com\/index.php\/produit\/brassiere-femme-mcg2025\/"},"modified":"2025-06-27T11:00:48","modified_gmt":"2025-06-27T09:00:48","slug":"brassiere-femme-mcg2025","status":"publish","type":"product","link":"https:\/\/laboutiquemcg.com\/index.php\/produit\/brassiere-femme-mcg2025\/","title":{"rendered":"Brassi\u00e8re femme MCG2025"},"content":{"rendered":"<p>Cette brassi\u00e8re de sport est fabriqu\u00e9e dans une mati\u00e8re qui \u00e9vacue l&rsquo;humidit\u00e9 et reste s\u00e8che pendant les s\u00e9ances de sport de faible et moyenne intensit\u00e9. Elle comporte un mat\u00e9riau de soutien dans les bretelles, une partie avant \u00e0 double couche et une large bande \u00e9lastique pour assurer un soutien constant.<\/p>\n<p>\u2022 82\u00a0% polyester, 18\u00a0% \u00e9lasthanne<br \/>\n\u2022 Poids du tissu : 230 g\/m\u00b2 (6.78 oz\/yd\u00b2), le poids peut varier de 5 %<br \/>\n\u2022 Tissu \u00e9vacuant l\u2019humidit\u00e9<br \/>\n\u2022 Tissu \u00e9lastique \u2013 les fibres du tissu se r\u00e9tractent sur la longueur et la largeur<br \/>\n\u2022 Encolure \u00e9chancr\u00e9e et dos nageur<br \/>\n\u2022 Coutures plates et biais de liaison \u00e9liminant les frottements<br \/>\n\u2022 Convient pour les bonnets A-C<br \/>\n\u2022 Mat\u00e9riau de soutien dans les bretelles, double couche sur le devant et large \u00e9lastique sous la poitrine<br \/>\n\u2022 Les composants de produits vierges dans l&rsquo;UE proviennent de Chine et de Lituanie<br \/>\n\u2022 Les composants de produits vierges aux \u00c9tats-Unis et au Mexique proviennent de Chine<\/p>\n<p>\u2022 Tra\u00e7abilit\u00e9\u00a0:<br \/>\n&#8211; Tricotage\u00a0: Chine<br \/>\n&#8211; Teinture\u00a0: Chine<br \/>\n&#8211; Fabrication\u00a0: Lettonie<br \/>\n\u2022 Comprend 95\u00a0% de polyester recycl\u00e9<br \/>\n\u2022 Comprend 0\u00a0% de substances dangereuses<br \/>\n\u2022 Cet article lib\u00e8re des microfibres en plastique dans l&rsquo;environnement pendant le lavage<\/p>\n","protected":false},"excerpt":{"rendered":"<p>Cette brassi\u00e8re de sport est fabriqu\u00e9e dans une mati\u00e8re qui \u00e9vacue l&rsquo;humidit\u00e9 et reste s\u00e8che pendant les s\u00e9ances de sport de faible et moyenne intensit\u00e9. Elle comporte un mat\u00e9riau de soutien dans les bretelles, une partie avant \u00e0 double couche et une large bande \u00e9lastique pour assurer un soutien constant. \u2022 82\u00a0% polyester, 18\u00a0% \u00e9lasthanne [&hellip;]<\/p>\n","protected":false},"featured_media":8562,"comment_status":"open","ping_status":"closed","template":"","meta":[],"product_brand":[],"product_cat":[53],"product_tag":[],"class_list":{"0":"post-8549","1":"product","2":"type-product","3":"status-publish","4":"has-post-thumbnail","6":"product_cat-brassieres","8":"first","9":"instock","10":"taxable","11":"shipping-taxable","12":"purchasable","13":"product-type-variable"},"_links":{"self":[{"href":"https:\/\/laboutiquemcg.com\/index.php\/wp-json\/wp\/v2\/product\/8549","targetHints":{"allow":["GET"]}}],"collection":[{"href":"https:\/\/laboutiquemcg.com\/index.php\/wp-json\/wp\/v2\/product"}],"about":[{"href":"https:\/\/laboutiquemcg.com\/index.php\/wp-json\/wp\/v2\/types\/product"}],"replies":[{"embeddable":true,"href":"https:\/\/laboutiquemcg.com\/index.php\/wp-json\/wp\/v2\/comments?post=8549"}],"version-history":[{"count":3,"href":"https:\/\/laboutiquemcg.com\/index.php\/wp-json\/wp\/v2\/product\/8549\/revisions"}],"predecessor-version":[{"id":8832,"href":"https:\/\/laboutiquemcg.com\/index.php\/wp-json\/wp\/v2\/product\/8549\/revisions\/8832"}],"wp:featuredmedia":[{"embeddable":true,"href":"https:\/\/laboutiquemcg.com\/index.php\/wp-json\/wp\/v2\/media\/8562"}],"wp:attachment":[{"href":"https:\/\/laboutiquemcg.com\/index.php\/wp-json\/wp\/v2\/media?parent=8549"}],"wp:term":[{"taxonomy":"product_brand","embeddable":true,"href":"https:\/\/laboutiquemcg.com\/index.php\/wp-json\/wp\/v2\/product_brand?post=8549"},{"taxonomy":"product_cat","embeddable":true,"href":"https:\/\/laboutiquemcg.com\/index.php\/wp-json\/wp\/v2\/product_cat?post=8549"},{"taxonomy":"product_tag","embeddable":true,"href":"https:\/\/laboutiquemcg.com\/index.php\/wp-json\/wp\/v2\/product_tag?post=8549"}],"curies":[{"name":"wp","href":"https:\/\/api.w.org\/{rel}","templated":true}]}}