{"id":8739,"date":"2025-01-01T16:17:21","date_gmt":"2025-01-01T15:17:21","guid":{"rendered":"https:\/\/laboutiquemcg.com\/index.php\/produit\/maillot-de-bain-enfant-mcg2025\/"},"modified":"2025-01-01T16:17:36","modified_gmt":"2025-01-01T15:17:36","slug":"maillot-de-bain-enfant-mcg2025","status":"publish","type":"product","link":"https:\/\/laboutiquemcg.com\/index.php\/produit\/maillot-de-bain-enfant-mcg2025\/","title":{"rendered":"Maillot de bain enfant MCG2025"},"content":{"rendered":"<p>Ce maillot de bain pour fille a tout pour plaire\u00a0: une coupe confortable, un tissu \u00e9lastique et un imprim\u00e9 aux couleurs profondes qui ne ternissent pas au soleil ou dans l&rsquo;eau. Avec sa double couche sur le devant, sa bande de biais et son indice UPF de 38-40, ce maillot permet aux enfants d&rsquo;\u00eatre actifs et aux parents de ne pas avoir \u00e0 s&rsquo;inqui\u00e9ter.<\/p>\n<p>\u2022 82 % polyester, 18 % \u00e9lasthanne <br \/>\n\u2022 Poids du tissu\u00a0: 230 g\/m\u00b2 (6,78 oz\/yd\u00b2), le poids peut varier de 5 %<br \/>\n\u2022 Indice UPF de 38-40<br \/>\n\u2022 Double couche sur le devant<br \/>\n\u2022 Mati\u00e8re \u00e9lastique\u2013 les fibres du tissu se r\u00e9tractent sur la longueur et la largeur<br \/>\n\u2022 Biais noir ou blanc<br \/>\n\u2022 Cousu avec un point de surjet<br \/>\n\u2022 Fil de microfibre doux et confortable<br \/>\n\u2022 Les composants de produits vierges aux \u00c9tats-Unis et au Mexique proviennent de Chine<br \/>\n\u2022 Les composants de produits vierges dans l&rsquo;UE proviennent de Chine et de Pologne<\/p>\n<p>Veuillez noter qu&rsquo;il convient d&rsquo;\u00e9viter tout contact avec des surfaces rugueuses et des fermetures Velcro, qui risquent d\u2019arracher les fibres blanches du tissu et d\u2019alt\u00e9rer l&rsquo;aspect du maillot de bain.<\/p>\n<p>\u2022 Tra\u00e7abilit\u00e9\u00a0: <br \/>\n&#8211; Tricotage\u00a0: Chine <br \/>\n&#8211; Teinture\u00a0: Chine <br \/>\n&#8211; Fabrication\u00a0: Lettonie <br \/>\n\u2022 Comprend 95\u00a0% de polyester recycl\u00e9 <br \/>\n\u2022 Comprend 0\u00a0% de substances dangereuses <br \/>\n\u2022 Cet article lib\u00e8re des microfibres en plastique dans l&rsquo;environnement pendant le lavage<\/p>\n","protected":false},"excerpt":{"rendered":"<p>Ce maillot de bain pour fille a tout pour plaire\u00a0: une coupe confortable, un tissu \u00e9lastique et un imprim\u00e9 aux couleurs profondes qui ne ternissent pas au soleil ou dans l&rsquo;eau. Avec sa double couche sur le devant, sa bande de biais et son indice UPF de 38-40, ce maillot permet aux enfants d&rsquo;\u00eatre actifs [&hellip;]<\/p>\n","protected":false},"featured_media":8747,"comment_status":"open","ping_status":"closed","template":"","meta":[],"product_brand":[],"product_cat":[72],"product_tag":[],"class_list":{"0":"post-8739","1":"product","2":"type-product","3":"status-publish","4":"has-post-thumbnail","6":"product_cat-maillots-de-bain-vetements-pour-bebe-enfant-et-adolescent","8":"first","9":"instock","10":"taxable","11":"shipping-taxable","12":"purchasable","13":"product-type-variable"},"_links":{"self":[{"href":"https:\/\/laboutiquemcg.com\/index.php\/wp-json\/wp\/v2\/product\/8739","targetHints":{"allow":["GET"]}}],"collection":[{"href":"https:\/\/laboutiquemcg.com\/index.php\/wp-json\/wp\/v2\/product"}],"about":[{"href":"https:\/\/laboutiquemcg.com\/index.php\/wp-json\/wp\/v2\/types\/product"}],"replies":[{"embeddable":true,"href":"https:\/\/laboutiquemcg.com\/index.php\/wp-json\/wp\/v2\/comments?post=8739"}],"version-history":[{"count":1,"href":"https:\/\/laboutiquemcg.com\/index.php\/wp-json\/wp\/v2\/product\/8739\/revisions"}],"predecessor-version":[{"id":8748,"href":"https:\/\/laboutiquemcg.com\/index.php\/wp-json\/wp\/v2\/product\/8739\/revisions\/8748"}],"wp:featuredmedia":[{"embeddable":true,"href":"https:\/\/laboutiquemcg.com\/index.php\/wp-json\/wp\/v2\/media\/8747"}],"wp:attachment":[{"href":"https:\/\/laboutiquemcg.com\/index.php\/wp-json\/wp\/v2\/media?parent=8739"}],"wp:term":[{"taxonomy":"product_brand","embeddable":true,"href":"https:\/\/laboutiquemcg.com\/index.php\/wp-json\/wp\/v2\/product_brand?post=8739"},{"taxonomy":"product_cat","embeddable":true,"href":"https:\/\/laboutiquemcg.com\/index.php\/wp-json\/wp\/v2\/product_cat?post=8739"},{"taxonomy":"product_tag","embeddable":true,"href":"https:\/\/laboutiquemcg.com\/index.php\/wp-json\/wp\/v2\/product_tag?post=8739"}],"curies":[{"name":"wp","href":"https:\/\/api.w.org\/{rel}","templated":true}]}}