{"id":8803,"date":"2025-01-01T16:34:27","date_gmt":"2025-01-01T15:34:27","guid":{"rendered":"https:\/\/laboutiquemcg.com\/index.php\/produit\/nouveau-maillot-de-bain-adolescent-mcg2025\/"},"modified":"2025-06-27T11:02:01","modified_gmt":"2025-06-27T09:02:01","slug":"nouveau-maillot-de-bain-adolescent-mcg2025","status":"publish","type":"product","link":"https:\/\/laboutiquemcg.com\/index.php\/produit\/nouveau-maillot-de-bain-adolescent-mcg2025\/","title":{"rendered":"NOUVEAU Maillot de bain adolescent MCG2025"},"content":{"rendered":"<p>Confortable, \u00e9lastique et doux, ce maillot de bain est r\u00e9sistant \u00e0 toute \u00e9preuve !<\/p>\n<p>\u2022 82 % polyester, 18 % \u00e9lasthanne<br \/>\n\u2022 Poids du tissu\u00a0: 230 g\/m\u00b2 (6,78 oz\/yd\u00b2), le poids peut varier de 5 %<br \/>\n\u2022 Indice UPF de 38-40<br \/>\n\u2022 Double couche sur le devant<br \/>\n\u2022 Biais noir ou blanc<br \/>\n\u2022 Cousu avec un point de surjet<br \/>\n\u2022 Fil de microfibre doux et confortable<br \/>\n\u2022 Mat\u00e9riau extensible: les fibres du tissu se r\u00e9tractent sur la longueur et la largeur<\/p>\n<p>Veuillez noter qu&rsquo;il convient d&rsquo;\u00e9viter tout contact avec des surfaces rugueuses et des fermetures Velcro, qui risquent d\u2019arracher les fibres blanches du tissu et d\u2019alt\u00e9rer l&rsquo;aspect du maillot de bain.<\/p>\n<p>\u2022 Tra\u00e7abilit\u00e9\u00a0:<br \/>\n&#8211; Tricotage\u00a0: Chine<br \/>\n&#8211; Teinture\u00a0: Chine<br \/>\n&#8211; Fabrication\u00a0: Lettonie<br \/>\n\u2022 Comprend 95\u00a0% de polyester recycl\u00e9<br \/>\n\u2022 Comprend 0\u00a0% de substances dangereuses<br \/>\n\u2022 Cet article lib\u00e8re des microfibres en plastique dans l&rsquo;environnement pendant le lavage<\/p>\n","protected":false},"excerpt":{"rendered":"<p>Confortable, \u00e9lastique et doux, ce maillot de bain est r\u00e9sistant \u00e0 toute \u00e9preuve ! \u2022 82 % polyester, 18 % \u00e9lasthanne \u2022 Poids du tissu\u00a0: 230 g\/m\u00b2 (6,78 oz\/yd\u00b2), le poids peut varier de 5 % \u2022 Indice UPF de 38-40 \u2022 Double couche sur le devant \u2022 Biais noir ou blanc \u2022 Cousu avec [&hellip;]<\/p>\n","protected":false},"featured_media":8811,"comment_status":"open","ping_status":"closed","template":"","meta":[],"product_brand":[],"product_cat":[72],"product_tag":[],"class_list":{"0":"post-8803","1":"product","2":"type-product","3":"status-publish","4":"has-post-thumbnail","6":"product_cat-maillots-de-bain-vetements-pour-bebe-enfant-et-adolescent","8":"first","9":"instock","10":"taxable","11":"shipping-taxable","12":"purchasable","13":"product-type-variable"},"_links":{"self":[{"href":"https:\/\/laboutiquemcg.com\/index.php\/wp-json\/wp\/v2\/product\/8803","targetHints":{"allow":["GET"]}}],"collection":[{"href":"https:\/\/laboutiquemcg.com\/index.php\/wp-json\/wp\/v2\/product"}],"about":[{"href":"https:\/\/laboutiquemcg.com\/index.php\/wp-json\/wp\/v2\/types\/product"}],"replies":[{"embeddable":true,"href":"https:\/\/laboutiquemcg.com\/index.php\/wp-json\/wp\/v2\/comments?post=8803"}],"version-history":[{"count":2,"href":"https:\/\/laboutiquemcg.com\/index.php\/wp-json\/wp\/v2\/product\/8803\/revisions"}],"predecessor-version":[{"id":8878,"href":"https:\/\/laboutiquemcg.com\/index.php\/wp-json\/wp\/v2\/product\/8803\/revisions\/8878"}],"wp:featuredmedia":[{"embeddable":true,"href":"https:\/\/laboutiquemcg.com\/index.php\/wp-json\/wp\/v2\/media\/8811"}],"wp:attachment":[{"href":"https:\/\/laboutiquemcg.com\/index.php\/wp-json\/wp\/v2\/media?parent=8803"}],"wp:term":[{"taxonomy":"product_brand","embeddable":true,"href":"https:\/\/laboutiquemcg.com\/index.php\/wp-json\/wp\/v2\/product_brand?post=8803"},{"taxonomy":"product_cat","embeddable":true,"href":"https:\/\/laboutiquemcg.com\/index.php\/wp-json\/wp\/v2\/product_cat?post=8803"},{"taxonomy":"product_tag","embeddable":true,"href":"https:\/\/laboutiquemcg.com\/index.php\/wp-json\/wp\/v2\/product_tag?post=8803"}],"curies":[{"name":"wp","href":"https:\/\/api.w.org\/{rel}","templated":true}]}}