{"id":8863,"date":"2025-06-25T12:00:07","date_gmt":"2025-06-25T10:00:07","guid":{"rendered":"https:\/\/laboutiquemcg.com\/?post_type=product&#038;p=8863"},"modified":"2026-01-26T12:14:17","modified_gmt":"2026-01-26T11:14:17","slug":"pre-commande-premieres-ondes-meguminproduction","status":"publish","type":"product","link":"https:\/\/laboutiquemcg.com\/index.php\/produit\/pre-commande-premieres-ondes-meguminproduction\/","title":{"rendered":"Premi\u00e8res Ondes MeguminProduction"},"content":{"rendered":"<h3>\ud83c\udf1f <strong>Premi\u00e8res Ondes MeguminProduction !<\/strong> \ud83c\udf1f<\/h3>\n<p>Le <strong>3 septembre c&rsquo;est enfin arriv\u00e9<\/strong>, plongez dans un univers <strong>pop techno joyeux<\/strong> avec <strong>Premi\u00e8res Ondes<\/strong>, le tout <strong>premier album<\/strong> de <strong>MeguminProduction<\/strong> ! \ud83c\udfa7\ud83d\udc96<\/p>\n<p>\ud83d\udd39 <strong>20 titres vibrants<\/strong> qui c\u00e9l\u00e8brent l\u2019\u00e9nergie, la f\u00eate et la joie de vivre. \ud83d\udd39 <strong>Un design unique<\/strong> : chaque album est soigneusement con\u00e7u avec une jaquette dynamique et un livret <strong>exclusif<\/strong>, offrant une surprise aux premiers acheteurs. \ud83d\udd39 <strong>Commandez d\u00e8s maintenant<\/strong>\u00a0pour vivre pleinement l\u2019exp\u00e9rience <strong>MeguminProduction<\/strong> ! \ud83c\udfb6\u2728<\/p>\n<p>\ud83d\uded2 <strong>R\u00e9servez votre album d\u00e8s aujourd\u2019hui et soyez les premiers \u00e0 d\u00e9couvrir Premi\u00e8res Ondes en exclusivit\u00e9 !<\/strong><\/p>\n<p>\ud83d\udcc5 <strong>Sortie officielle le 3 septembre !<\/strong> \ud83d\ude80\ud83d\udcbf Oui c&rsquo;est arriv\u00e9<\/p>\n","protected":false},"excerpt":{"rendered":"<p>\ud83c\udf1f Premi\u00e8res Ondes MeguminProduction ! \ud83c\udf1f Le 3 septembre c&rsquo;est enfin arriv\u00e9, plongez dans un univers pop techno joyeux avec Premi\u00e8res Ondes, le tout premier album de MeguminProduction ! \ud83c\udfa7\ud83d\udc96 \ud83d\udd39 20 titres vibrants qui c\u00e9l\u00e8brent l\u2019\u00e9nergie, la f\u00eate et la joie de vivre. \ud83d\udd39 Un design unique : chaque album est soigneusement con\u00e7u avec [&hellip;]<\/p>\n","protected":false},"featured_media":8868,"comment_status":"open","ping_status":"closed","template":"","meta":[],"product_brand":[],"product_cat":[82],"product_tag":[],"class_list":{"0":"post-8863","1":"product","2":"type-product","3":"status-publish","4":"has-post-thumbnail","6":"product_cat-offres-exclusives","8":"first","9":"outofstock","10":"purchasable","11":"product-type-simple"},"_links":{"self":[{"href":"https:\/\/laboutiquemcg.com\/index.php\/wp-json\/wp\/v2\/product\/8863","targetHints":{"allow":["GET"]}}],"collection":[{"href":"https:\/\/laboutiquemcg.com\/index.php\/wp-json\/wp\/v2\/product"}],"about":[{"href":"https:\/\/laboutiquemcg.com\/index.php\/wp-json\/wp\/v2\/types\/product"}],"replies":[{"embeddable":true,"href":"https:\/\/laboutiquemcg.com\/index.php\/wp-json\/wp\/v2\/comments?post=8863"}],"version-history":[{"count":3,"href":"https:\/\/laboutiquemcg.com\/index.php\/wp-json\/wp\/v2\/product\/8863\/revisions"}],"predecessor-version":[{"id":8913,"href":"https:\/\/laboutiquemcg.com\/index.php\/wp-json\/wp\/v2\/product\/8863\/revisions\/8913"}],"wp:featuredmedia":[{"embeddable":true,"href":"https:\/\/laboutiquemcg.com\/index.php\/wp-json\/wp\/v2\/media\/8868"}],"wp:attachment":[{"href":"https:\/\/laboutiquemcg.com\/index.php\/wp-json\/wp\/v2\/media?parent=8863"}],"wp:term":[{"taxonomy":"product_brand","embeddable":true,"href":"https:\/\/laboutiquemcg.com\/index.php\/wp-json\/wp\/v2\/product_brand?post=8863"},{"taxonomy":"product_cat","embeddable":true,"href":"https:\/\/laboutiquemcg.com\/index.php\/wp-json\/wp\/v2\/product_cat?post=8863"},{"taxonomy":"product_tag","embeddable":true,"href":"https:\/\/laboutiquemcg.com\/index.php\/wp-json\/wp\/v2\/product_tag?post=8863"}],"curies":[{"name":"wp","href":"https:\/\/api.w.org\/{rel}","templated":true}]}}