{"id":8928,"date":"2026-05-08T14:42:20","date_gmt":"2026-05-08T12:42:20","guid":{"rendered":"https:\/\/laboutiquemcg.com\/index.php\/produit\/t-shirt-unisexe-a-manches-courtes\/"},"modified":"2026-05-08T14:55:13","modified_gmt":"2026-05-08T12:55:13","slug":"t-shirt-unisexe-a-manches-courtes","status":"publish","type":"product","link":"https:\/\/laboutiquemcg.com\/index.php\/produit\/t-shirt-unisexe-a-manches-courtes\/","title":{"rendered":"T-shirt All\u00f8: LE rappeur Trap Energetic"},"content":{"rendered":"<p>Vous avez maintenant trouv\u00e9 le T-shirt incontournable de votre garde-robe. Il est compos\u00e9 \u00e0 100\u00a0% de coton fil\u00e9 \u00e0 l&rsquo;anneau et est doux et confortable. La double couture sur l&rsquo;encolure et les manches ajoute plus de durabilit\u00e9 \u00e0 ce qui sera certainement votre favori\u00a0!<br \/>\n\u2022 100% ring-spun cotton<br \/>\n\u2022 Le coloris Sport Grey est compos\u00e9 \u00e0 90\u00a0% de coton fil\u00e9 \u00e0 l&rsquo;anneau et \u00e0 10\u00a0% de polyester.<br \/>\n\u2022 Toutes les couleurs Heather sont compos\u00e9es \u00e0 65\u00a0% de polyester et \u00e0 35\u00a0% de coton.<br \/>\n\u2022 153\u00a0g\/m\u00b2 (4,5\u00a0oz\/yd\u00b2)<br \/>\n\u2022 Ruban d&rsquo;\u00e9paule \u00e0 \u00e9paule<br \/>\nTissu tourn\u00e9 d&rsquo;un quart de tour pour \u00e9liminer le pli central<br \/>\nAvertissement\u00a0:\u00a0en raison des propri\u00e9t\u00e9s du tissu, la variante de couleur blanche peut sembler blanc cass\u00e9 plut\u00f4t que blanc vif.<\/p>\n<p>Age restrictions: Pour les adultes<br \/>\nEU Warranty: 2\u00a0ans<br \/>\nOther compliance information: R\u00e9pond aux exigences relatives \u00e0 l\u2019inflammabilit\u00e9, aux teneurs en plomb, cadmium, phtalates et formald\u00e9hyde.<\/p>\n<p>En conformit\u00e9 avec le R\u00e8glement pour la S\u00e9curit\u00e9 G\u00e9n\u00e9rale des Produits (RSGP), <b>LaBoutiqueMCG<\/b> garantit que tous les produits de consommation propos\u00e9s sont s\u00fbrs et conformes aux normes de l&rsquo;UE. Pour toute question ou pr\u00e9occupation li\u00e9e \u00e0 la s\u00e9curit\u00e9 des produits, veuillez nous contacter \u00e0 <b>contact@laboutiquemcg.com<\/b> ou nous \u00e9crire \u00e0 <b>18 rue Adelphe Daudey 25800 Valdahon.<b \/><\/p>\n","protected":false},"excerpt":{"rendered":"<p>Vous avez maintenant trouv\u00e9 le T-shirt incontournable de votre garde-robe. Il est compos\u00e9 \u00e0 100\u00a0% de coton fil\u00e9 \u00e0 l&rsquo;anneau et est doux et confortable. La double couture sur l&rsquo;encolure et les manches ajoute plus de durabilit\u00e9 \u00e0 ce qui sera certainement votre favori\u00a0! \u2022 100% ring-spun cotton \u2022 Le coloris Sport Grey est compos\u00e9 [&hellip;]<\/p>\n","protected":false},"featured_media":8937,"comment_status":"open","ping_status":"closed","template":"","meta":[],"product_brand":[],"product_cat":[47,23],"product_tag":[],"class_list":{"0":"post-8928","1":"product","2":"type-product","3":"status-publish","4":"has-post-thumbnail","6":"product_cat-t-shirts-tous-les-hauts-femme","7":"product_cat-t-shirts","9":"first","10":"instock","11":"taxable","12":"shipping-taxable","13":"purchasable","14":"product-type-variable"},"_links":{"self":[{"href":"https:\/\/laboutiquemcg.com\/index.php\/wp-json\/wp\/v2\/product\/8928","targetHints":{"allow":["GET"]}}],"collection":[{"href":"https:\/\/laboutiquemcg.com\/index.php\/wp-json\/wp\/v2\/product"}],"about":[{"href":"https:\/\/laboutiquemcg.com\/index.php\/wp-json\/wp\/v2\/types\/product"}],"replies":[{"embeddable":true,"href":"https:\/\/laboutiquemcg.com\/index.php\/wp-json\/wp\/v2\/comments?post=8928"}],"version-history":[{"count":2,"href":"https:\/\/laboutiquemcg.com\/index.php\/wp-json\/wp\/v2\/product\/8928\/revisions"}],"predecessor-version":[{"id":8960,"href":"https:\/\/laboutiquemcg.com\/index.php\/wp-json\/wp\/v2\/product\/8928\/revisions\/8960"}],"wp:featuredmedia":[{"embeddable":true,"href":"https:\/\/laboutiquemcg.com\/index.php\/wp-json\/wp\/v2\/media\/8937"}],"wp:attachment":[{"href":"https:\/\/laboutiquemcg.com\/index.php\/wp-json\/wp\/v2\/media?parent=8928"}],"wp:term":[{"taxonomy":"product_brand","embeddable":true,"href":"https:\/\/laboutiquemcg.com\/index.php\/wp-json\/wp\/v2\/product_brand?post=8928"},{"taxonomy":"product_cat","embeddable":true,"href":"https:\/\/laboutiquemcg.com\/index.php\/wp-json\/wp\/v2\/product_cat?post=8928"},{"taxonomy":"product_tag","embeddable":true,"href":"https:\/\/laboutiquemcg.com\/index.php\/wp-json\/wp\/v2\/product_tag?post=8928"}],"curies":[{"name":"wp","href":"https:\/\/api.w.org\/{rel}","templated":true}]}}